{"id":991782,"date":"2024-08-28T08:03:35","date_gmt":"2024-08-28T06:03:35","guid":{"rendered":"https:\/\/eu.constantiaglen.com\/?post_type=product&#038;p=991782"},"modified":"2025-02-06T13:35:22","modified_gmt":"2025-02-06T12:35:22","slug":"2023-constantia-glen-sauvignon-blanc","status":"publish","type":"product","link":"https:\/\/eu.constantiaglen.com\/en\/wein\/2023-constantia-glen-sauvignon-blanc\/","title":{"rendered":"2023 Constantia Glen Sauvignon Blanc"},"content":{"rendered":"<div data-elementor-type=\"product-post\" data-elementor-id=\"991782\" class=\"elementor elementor-991782\">\n\t\t\t\t\t\t\t\t\t<section class=\"elementor-section elementor-top-section elementor-element elementor-element-890931d elementor-section-boxed elementor-section-height-default elementor-section-height-default\" data-id=\"890931d\" data-element_type=\"section\">\n\t\t\t\t\t\t<div class=\"elementor-container elementor-column-gap-default\">\n\t\t\t\t\t<div class=\"elementor-column elementor-col-100 elementor-top-column elementor-element elementor-element-7a739cc1\" data-id=\"7a739cc1\" data-element_type=\"column\">\n\t\t\t<div class=\"elementor-widget-wrap elementor-element-populated\">\n\t\t\t\t\t\t\t\t<div class=\"elementor-element elementor-element-4f9f4b35 elementor-widget elementor-widget-heading\" data-id=\"4f9f4b35\" data-element_type=\"widget\" data-widget_type=\"heading.default\">\n\t\t\t\t<div class=\"elementor-widget-container\">\n\t\t\t<h5 class=\"elementor-heading-title elementor-size-default\">Technical data<\/h5>\t\t<\/div>\n\t\t\t\t<\/div>\n\t\t\t\t<div class=\"elementor-element elementor-element-551956b6 elementor-widget elementor-widget-text-editor\" data-id=\"551956b6\" data-element_type=\"widget\" data-widget_type=\"text-editor.default\">\n\t\t\t\t<div class=\"elementor-widget-container\">\n\t\t\t\t\t\t\t<p><strong>Alcohol:<\/strong> 13,5%<br \/><strong>Residual sugar:<\/strong> 1,3 g\/l<br \/><strong>pH:<\/strong> 3,34<br \/><strong>Titratable Acidity:<\/strong>\u00a06.6g\/l<br \/><strong>Volatile acidity:<\/strong> 0.44g\/l<\/p>\t\t\t\t\t\t<\/div>\n\t\t\t\t<\/div>\n\t\t\t\t<div class=\"elementor-element elementor-element-26aba0f8 elementor-widget elementor-widget-heading\" data-id=\"26aba0f8\" data-element_type=\"widget\" data-widget_type=\"heading.default\">\n\t\t\t\t<div class=\"elementor-widget-container\">\n\t\t\t<h5 class=\"elementor-heading-title elementor-size-default\"><p style=\"margin-bottom: 8px; text-align: justify; font: 400 12px Helvetica; color: rgb(0, 0, 0); -webkit-text-stroke-color: rgb(0, 0, 0); white-space-collapse: collapse;\"><\/p>Harvest summary by winemaker, Justin van Wyk<\/h5>\t\t<\/div>\n\t\t\t\t<\/div>\n\t\t\t\t<div class=\"elementor-element elementor-element-79372047 elementor-widget elementor-widget-text-editor\" data-id=\"79372047\" data-element_type=\"widget\" data-widget_type=\"text-editor.default\">\n\t\t\t\t<div class=\"elementor-widget-container\">\n\t\t\t\t\t\t\t<p class=\"p1\">2023 war einmal mehr ein gro\u00dfartiger Jahrgang f\u00fcr wei\u00dfe Rebsorten auf Constantia Glen. Bestens nachvollziehen l\u00e4sst sich das an unserem Sauvignon Blanc, dessen Trauben 2023 am 14. Februar gelesen wurden, zwei Wochen fr\u00fcher als im Jahr zuvor. Die Aromen \u2013 absolut entscheidend f\u00fcr gro\u00dfen Sauvignon Blanc \u2013 waren zu diesem Zeitpunkt konzentriert, intensiv und ausgewogen und in ein lebendiges S\u00e4ureger\u00fcst eingebettet. Ein zwar kalter Winter, daf\u00fcr aber warmer Fr\u00fchling mit weniger Wind als erwartet, f\u00fchrten zu einem gleichm\u00e4\u00dfigen Austrieb der Reben und garantierten optimale Bedingungen w\u00e4hrend der Bl\u00fcte.<\/p><p class=\"p2\">Eine verh\u00e4ltnism\u00e4\u00dfig k\u00fchle Vegetationsperiode verlangsamte die Reifung der Trauben, was sich \u00fcberaus positiv auf die Entwicklung komplexer Geschmacksvorstufen auswirkte. Dank eines tief in die Erde hinabreichenden Wurzelsystems gab es auch in den trockenen Zeiten des Jahres keine N\u00e4hrstoffprobleme, sodass die Beeren letzten Endes zu eleganten und finessenreichen Wei\u00dfweinen mit Substanz, Temperament und einer saftigen und animierenden Textur vinifiziert werden konnten. Alles in allem dauerte die Sauvignon-Blanc-Lese gerade einmal zwei Wochen, wobei jeder einzelne Weingarten selektiv und per Hand geerntet wurde. Wir beendeten die Lese am 3. M\u00e4rz 2023 mit jeweils einer Sauvignon Blanc und einer S\u00e9millon-Parzelle (S\u00e9millon steuert zwei Prozent zum Wein bei).<\/p>\t\t\t\t\t\t<\/div>\n\t\t\t\t<\/div>\n\t\t\t\t<div class=\"elementor-element elementor-element-bafa73f elementor-widget elementor-widget-heading\" data-id=\"bafa73f\" data-element_type=\"widget\" data-widget_type=\"heading.default\">\n\t\t\t\t<div class=\"elementor-widget-container\">\n\t\t\t<h5 class=\"elementor-heading-title elementor-size-default\">Vinification<\/h5>\t\t<\/div>\n\t\t\t\t<\/div>\n\t\t\t\t<div class=\"elementor-element elementor-element-35d8f72 elementor-widget elementor-widget-text-editor\" data-id=\"35d8f72\" data-element_type=\"widget\" data-widget_type=\"text-editor.default\">\n\t\t\t\t<div class=\"elementor-widget-container\">\n\t\t\t\t\t\t\t<p class=\"p1\">Die Trauben f\u00fcr unseren klassischen Sauvignon Blanc wachsen allesamt rund um das Weingut und wurden in den fr\u00fchen Morgenstunden per Hand gelesen. Nach einigen Stunden im K\u00fchlraum haben wir sie gerebelt und angequetscht und den ausgetretenen Saft f\u00fcr 2 bis 18 Stunden in Kontakt mit den Schalen belassen. Sanft gepresst wurde er daraufhin in Stahltanks transferiert und bei konstanten 15\u00b0C vergoren. Die Reifung des Weins fand \u00fcber sechs Monate auf der Feinhefe gleichfalls in Edelstahltanks statt, ehe er am 12. September 2023 gef\u00fcllt wurde.<\/p>\t\t\t\t\t\t<\/div>\n\t\t\t\t<\/div>\n\t\t\t\t<div class=\"elementor-element elementor-element-aa179ed elementor-widget elementor-widget-heading\" data-id=\"aa179ed\" data-element_type=\"widget\" data-widget_type=\"heading.default\">\n\t\t\t\t<div class=\"elementor-widget-container\">\n\t\t\t<h5 class=\"elementor-heading-title elementor-size-default\">Tasting Note<\/h5>\t\t<\/div>\n\t\t\t\t<\/div>\n\t\t\t\t<div class=\"elementor-element elementor-element-0e4da26 elementor-widget elementor-widget-text-editor\" data-id=\"0e4da26\" data-element_type=\"widget\" data-widget_type=\"text-editor.default\">\n\t\t\t\t<div class=\"elementor-widget-container\">\n\t\t\t\t\t\t\t<p class=\"p1\">Strohgelb und strahlend klar. Intensiv-tropische Noten kombinieren sich mit Stachelbeeraromen und reifem wei\u00dfem Pfirsich. Hinzu kommen subtile Ankl\u00e4nge an Steinobst, Zitrusschalen und eine feinkalkige Mineralit\u00e4t.<\/p><p class=\"p2\">Die einladende Aromatik setzt sich scheinbar m\u00fchelos am Gaumen fort. Frische S\u00e4ure sorgt f\u00fcr eine vitale Struktur, w\u00e4hrend der lange Hefekontakt und der kleine Anteil S\u00e9millon K\u00f6rper und Vollmundigkeit betonen. Der Wein ist folglich lebhaft, elegant und raffiniert und zeichnet sich durch tiefe Frucht sowie eine beeindruckende L\u00e4nge aus. Einzig im Stahltank ausgebaut macht er bereits in seiner Jugend eine ausgezeichnete Figur, unter idealen Kellerbedingungen wird er sich allerdings noch \u00fcber 5 bis 8 Jahre weiterentwickeln.<\/p>\t\t\t\t\t\t<\/div>\n\t\t\t\t<\/div>\n\t\t\t\t<section class=\"elementor-section elementor-inner-section elementor-element elementor-element-3537051a elementor-section-boxed elementor-section-height-default elementor-section-height-default\" data-id=\"3537051a\" data-element_type=\"section\">\n\t\t\t\t\t\t<div class=\"elementor-container elementor-column-gap-default\">\n\t\t\t\t\t<div class=\"elementor-column elementor-col-100 elementor-inner-column elementor-element elementor-element-51a4e35c\" data-id=\"51a4e35c\" data-element_type=\"column\">\n\t\t\t<div class=\"elementor-widget-wrap elementor-element-populated\">\n\t\t\t\t\t\t\t\t<div class=\"elementor-element elementor-element-3b67b3f0 elementor-widget__width-initial elementor-widget-mobile__width-initial elementor-fixed elementor-hidden-tablet elementor-hidden-phone elementor-widget elementor-widget-image\" data-id=\"3b67b3f0\" data-element_type=\"widget\" data-settings=\"{&quot;_position&quot;:&quot;fixed&quot;}\" data-widget_type=\"image.default\">\n\t\t\t\t<div class=\"elementor-widget-container\">\n\t\t\t\t\t\t\t<div class=\"elementor-image\">\n\t\t\t\t\t\t\t\t\t\t\t\t\t\t\t\t\t\t\t\t\t<img loading=\"lazy\" decoding=\"async\" width=\"308\" height=\"444\" src=\"https:\/\/eu.constantiaglen.com\/wp-content\/uploads\/2021\/11\/elder_small.png\" class=\"attachment-large size-large\" alt=\"\" srcset=\"https:\/\/eu.constantiaglen.com\/wp-content\/uploads\/2021\/11\/elder_small.png 308w, https:\/\/eu.constantiaglen.com\/wp-content\/uploads\/2021\/11\/elder_small-208x300.png 208w\" sizes=\"auto, (max-width: 308px) 100vw, 308px\" \/>\t\t\t\t\t\t\t\t\t\t\t\t\t\t\t\t\t\t\t\t\t\t\t\t<\/div>\n\t\t\t\t\t\t<\/div>\n\t\t\t\t<\/div>\n\t\t\t\t\t<\/div>\n\t\t<\/div>\n\t\t\t\t\t\t\t<\/div>\n\t\t<\/section>\n\t\t\t\t\t<\/div>\n\t\t<\/div>\n\t\t\t\t\t\t\t<\/div>\n\t\t<\/section>\n\t\t\t\t\t\t\t<\/div>","protected":false},"excerpt":{"rendered":"<p>Hell und strahlend in der Farbe wie in der Nase. In Letzterer offeriert unser Sauvignon Blanc bestens austarierte Fruchtnoten und eine k\u00fchle Mineralik. Die einladende Vitalit\u00e4t setzt sich am Gaumen fort. Eingebettet wird diese in einen eleganten K\u00f6rper, dem eine kompakte Textur Energie und Spannung verleiht.<\/p>","protected":false},"featured_media":991801,"template":"","meta":{"spay_email":""},"product_cat":[50],"product_tag":[],"class_list":["post-991782","product","type-product","status-publish","has-post-thumbnail","hentry","product_cat-constantia-glen-sauvignon-blanc"],"_links":{"self":[{"href":"https:\/\/eu.constantiaglen.com\/en\/wp-json\/wp\/v2\/product\/991782","targetHints":{"allow":["GET"]}}],"collection":[{"href":"https:\/\/eu.constantiaglen.com\/en\/wp-json\/wp\/v2\/product"}],"about":[{"href":"https:\/\/eu.constantiaglen.com\/en\/wp-json\/wp\/v2\/types\/product"}],"version-history":[{"count":8,"href":"https:\/\/eu.constantiaglen.com\/en\/wp-json\/wp\/v2\/product\/991782\/revisions"}],"predecessor-version":[{"id":991805,"href":"https:\/\/eu.constantiaglen.com\/en\/wp-json\/wp\/v2\/product\/991782\/revisions\/991805"}],"wp:featuredmedia":[{"embeddable":true,"href":"https:\/\/eu.constantiaglen.com\/en\/wp-json\/wp\/v2\/media\/991801"}],"wp:attachment":[{"href":"https:\/\/eu.constantiaglen.com\/en\/wp-json\/wp\/v2\/media?parent=991782"}],"wp:term":[{"taxonomy":"product_cat","embeddable":true,"href":"https:\/\/eu.constantiaglen.com\/en\/wp-json\/wp\/v2\/product_cat?post=991782"},{"taxonomy":"product_tag","embeddable":true,"href":"https:\/\/eu.constantiaglen.com\/en\/wp-json\/wp\/v2\/product_tag?post=991782"}],"curies":[{"name":"wp","href":"https:\/\/api.w.org\/{rel}","templated":true}]}}