{"id":991557,"date":"2023-02-13T13:13:41","date_gmt":"2023-02-13T12:13:41","guid":{"rendered":"https:\/\/eu.constantiaglen.com\/?post_type=product&#038;p=991557"},"modified":"2023-04-18T11:16:10","modified_gmt":"2023-04-18T09:16:10","slug":"2019-constantia-glen-three","status":"publish","type":"product","link":"https:\/\/eu.constantiaglen.com\/en\/wein\/2019-constantia-glen-three\/","title":{"rendered":"2019 Constantia Glen THREE"},"content":{"rendered":"<div data-elementor-type=\"product-post\" data-elementor-id=\"991557\" class=\"elementor elementor-991557\">\n\t\t\t\t\t\t\t\t\t<section class=\"elementor-section elementor-top-section elementor-element elementor-element-300c18f1 elementor-section-boxed elementor-section-height-default elementor-section-height-default\" data-id=\"300c18f1\" data-element_type=\"section\">\n\t\t\t\t\t\t<div class=\"elementor-container elementor-column-gap-default\">\n\t\t\t\t\t<div class=\"elementor-column elementor-col-100 elementor-top-column elementor-element elementor-element-1aa32750\" data-id=\"1aa32750\" data-element_type=\"column\">\n\t\t\t<div class=\"elementor-widget-wrap elementor-element-populated\">\n\t\t\t\t\t\t\t\t<div class=\"elementor-element elementor-element-be32de5 elementor-widget elementor-widget-heading\" data-id=\"be32de5\" data-element_type=\"widget\" data-widget_type=\"heading.default\">\n\t\t\t\t<div class=\"elementor-widget-container\">\n\t\t\t<h5 class=\"elementor-heading-title elementor-size-default\">Technical data<\/h5>\t\t<\/div>\n\t\t\t\t<\/div>\n\t\t\t\t<div class=\"elementor-element elementor-element-7e341e2a elementor-widget elementor-widget-text-editor\" data-id=\"7e341e2a\" data-element_type=\"widget\" data-widget_type=\"text-editor.default\">\n\t\t\t\t<div class=\"elementor-widget-container\">\n\t\t\t\t\t\t\t<p>This delicious three-way blend was carefully crafted from grapes grown on the estate. It\ncomprises 55% Merlot, 26% Cabernet Franc and 19% Cabernet Sauvignon and was matured\nfor 17 months in 30% new-, 50% second fill- and 20% third fill French oak barrels. The wine\nwas not fined, but only lightly filtered prior to bottling to subtly mellow the rich tannin\nstructure. This vintage shows the phenomenal structure and freshness that has become\nsynonymous to the Constantia Glen THREE, but also has excellent concentration. This means\nthat it can be enjoyed in its youth, yet it will certainly age and develop admirably for another\n10-12 years under correct cellaring conditions.<\/p><p><strong>Alcohol:<\/strong> 14,5%<br \/><strong>Residual sugar:<\/strong> 2,4 g\/l<br \/><strong>pH:<\/strong> 3,55<br \/><strong>Titratable Acidity:<\/strong> 5,5 g\/l<br \/><strong>Volatile acidity:<\/strong> 0,62 g\/l<\/p>\t\t\t\t\t\t<\/div>\n\t\t\t\t<\/div>\n\t\t\t\t<div class=\"elementor-element elementor-element-37bd6e0 elementor-widget elementor-widget-heading\" data-id=\"37bd6e0\" data-element_type=\"widget\" data-widget_type=\"heading.default\">\n\t\t\t\t<div class=\"elementor-widget-container\">\n\t\t\t<h5 class=\"elementor-heading-title elementor-size-default\">Harvest summary by winemaker, Justin van Wyk<\/h5>\t\t<\/div>\n\t\t\t\t<\/div>\n\t\t\t\t<div class=\"elementor-element elementor-element-1ae9fab4 elementor-widget elementor-widget-text-editor\" data-id=\"1ae9fab4\" data-element_type=\"widget\" data-widget_type=\"text-editor.default\">\n\t\t\t\t<div class=\"elementor-widget-container\">\n\t\t\t\t\t\t\t<p>2018 was really a fantastic vintage for the red varieties at Constantia Glen. The flavour of the\ngrapes at the time of picking was concentrated and intense with bright aromatics. Good winter\nrains in June and July of 2017 provided the ideal foundation for our dryland vineyards before\nthey embarked on a cool, yet dry growing season, stretching from September 2017 to March 2018, when the harvest commenced. The slow and long ripening allowed for the slow\naccumulation of sugars, and grapes that retained phenomenal acidity right up until picking.<\/p><p>The 2018 harvest was quite late, commencing\nwith the first blocks of Merlot on 26 March 2018, and we picked the red varieties over 4 weeks\nwith the last block of the Cabernet Sauvignon coming into the winery on 18 April 2018.\u00a0<\/p><p>Our estate vineyards showed remarkable buffering capacity and the 2018 vintage has\ndelivered extremely elegant and refined red wines with great richness, texture, aromatic\npurity, and persistent, mouth-coating tannins. The wines also have great structure and acidity,\nwhich will allow for superlative bottle-ageing.<\/p>\t\t\t\t\t\t<\/div>\n\t\t\t\t<\/div>\n\t\t\t\t<div class=\"elementor-element elementor-element-7ff9ae41 elementor-widget elementor-widget-heading\" data-id=\"7ff9ae41\" data-element_type=\"widget\" data-widget_type=\"heading.default\">\n\t\t\t\t<div class=\"elementor-widget-container\">\n\t\t\t<h5 class=\"elementor-heading-title elementor-size-default\">Colour<\/h5>\t\t<\/div>\n\t\t\t\t<\/div>\n\t\t\t\t<div class=\"elementor-element elementor-element-21bb04c8 elementor-widget elementor-widget-text-editor\" data-id=\"21bb04c8\" data-element_type=\"widget\" data-widget_type=\"text-editor.default\">\n\t\t\t\t<div class=\"elementor-widget-container\">\n\t\t\t\t\t\t\t<p>Youthful in colour with a dark, deep red core unwinding into a bright and lively garnet rim.<\/p>\t\t\t\t\t\t<\/div>\n\t\t\t\t<\/div>\n\t\t\t\t<div class=\"elementor-element elementor-element-506d040 elementor-widget elementor-widget-heading\" data-id=\"506d040\" data-element_type=\"widget\" data-widget_type=\"heading.default\">\n\t\t\t\t<div class=\"elementor-widget-container\">\n\t\t\t<h5 class=\"elementor-heading-title elementor-size-default\">Nose<\/h5>\t\t<\/div>\n\t\t\t\t<\/div>\n\t\t\t\t<div class=\"elementor-element elementor-element-7aeb2da8 elementor-widget elementor-widget-text-editor\" data-id=\"7aeb2da8\" data-element_type=\"widget\" data-widget_type=\"text-editor.default\">\n\t\t\t\t<div class=\"elementor-widget-container\">\n\t\t\t\t\t\t\t<p>The nose of this wine has great expression with forthcoming red and black fruit aromas.\nFollowing these initial ripe fruit aromas, there is a complex collection of savoury notes woven\nwith lingering flavours of tomato leaf, blackcurrant, and cedar.<\/p>\t\t\t\t\t\t<\/div>\n\t\t\t\t<\/div>\n\t\t\t\t<div class=\"elementor-element elementor-element-5de45f1 elementor-widget elementor-widget-heading\" data-id=\"5de45f1\" data-element_type=\"widget\" data-widget_type=\"heading.default\">\n\t\t\t\t<div class=\"elementor-widget-container\">\n\t\t\t<h5 class=\"elementor-heading-title elementor-size-default\">Palate<\/h5>\t\t<\/div>\n\t\t\t\t<\/div>\n\t\t\t\t<div class=\"elementor-element elementor-element-3e6db13 elementor-widget elementor-widget-text-editor\" data-id=\"3e6db13\" data-element_type=\"widget\" data-widget_type=\"text-editor.default\">\n\t\t\t\t<div class=\"elementor-widget-container\">\n\t\t\t\t\t\t\t<p>The palate shows great intensity and complexity of flavours with the dark fruit and distinct\nsavoury notes on the nose following flawlessly onto that first sip. The fine-grain, elegant and\nvelvety tannins really compliment the richness of the wine and promise great aging potential\nif stored under correct cellar conditions. This full-bodied blend has an earthy minerality and\nan inherent freshness that brings about a lingering, well-defined finish.<\/p>\t\t\t\t\t\t<\/div>\n\t\t\t\t<\/div>\n\t\t\t\t<div class=\"elementor-element elementor-element-21ad6738 elementor-widget elementor-widget-heading\" data-id=\"21ad6738\" data-element_type=\"widget\" data-widget_type=\"heading.default\">\n\t\t\t\t<div class=\"elementor-widget-container\">\n\t\t\t<h5 class=\"elementor-heading-title elementor-size-default\">Speiseempfehlung<\/h5>\t\t<\/div>\n\t\t\t\t<\/div>\n\t\t\t\t<div class=\"elementor-element elementor-element-75c49c49 elementor-widget elementor-widget-text-editor\" data-id=\"75c49c49\" data-element_type=\"widget\" data-widget_type=\"text-editor.default\">\n\t\t\t\t<div class=\"elementor-widget-container\">\n\t\t\t\t\t\t\t<p>Kalbsleber mit Balsamicoessig und Sultaninen; Lammragout mit Paprikaschoten und Polenta; Rindsroulade mit S\u00fc\u00dfkartoffelp\u00fcree und Wurzelgem\u00fcse<\/p>\t\t\t\t\t\t<\/div>\n\t\t\t\t<\/div>\n\t\t\t\t<section class=\"elementor-section elementor-inner-section elementor-element elementor-element-627bdb60 elementor-section-boxed elementor-section-height-default elementor-section-height-default\" data-id=\"627bdb60\" data-element_type=\"section\">\n\t\t\t\t\t\t<div class=\"elementor-container elementor-column-gap-default\">\n\t\t\t\t\t<div class=\"elementor-column elementor-col-100 elementor-inner-column elementor-element elementor-element-185ea1e8\" data-id=\"185ea1e8\" data-element_type=\"column\">\n\t\t\t<div class=\"elementor-widget-wrap elementor-element-populated\">\n\t\t\t\t\t\t\t\t<div class=\"elementor-element elementor-element-d37b291 elementor-widget__width-initial elementor-widget-mobile__width-initial elementor-fixed elementor-hidden-tablet elementor-hidden-phone elementor-widget elementor-widget-image\" data-id=\"d37b291\" data-element_type=\"widget\" data-settings=\"{&quot;_position&quot;:&quot;fixed&quot;}\" data-widget_type=\"image.default\">\n\t\t\t\t<div class=\"elementor-widget-container\">\n\t\t\t\t\t\t\t<div class=\"elementor-image\">\n\t\t\t\t\t\t\t\t\t\t\t\t\t\t\t\t\t\t\t\t\t<img loading=\"lazy\" decoding=\"async\" width=\"447\" height=\"699\" src=\"https:\/\/eu.constantiaglen.com\/wp-content\/uploads\/2022\/01\/johannis.jpg\" class=\"attachment-large size-large\" alt=\"\" srcset=\"https:\/\/eu.constantiaglen.com\/wp-content\/uploads\/2022\/01\/johannis.jpg 447w, https:\/\/eu.constantiaglen.com\/wp-content\/uploads\/2022\/01\/johannis-315x493.jpg 315w, https:\/\/eu.constantiaglen.com\/wp-content\/uploads\/2022\/01\/johannis-192x300.jpg 192w\" sizes=\"auto, (max-width: 447px) 100vw, 447px\" \/>\t\t\t\t\t\t\t\t\t\t\t\t\t\t\t\t\t\t\t\t\t\t\t\t<\/div>\n\t\t\t\t\t\t<\/div>\n\t\t\t\t<\/div>\n\t\t\t\t\t<\/div>\n\t\t<\/div>\n\t\t\t\t\t\t\t<\/div>\n\t\t<\/section>\n\t\t\t\t\t<\/div>\n\t\t<\/div>\n\t\t\t\t\t\t\t<\/div>\n\t\t<\/section>\n\t\t\t\t\t\t\t<\/div>","protected":false},"excerpt":{"rendered":"<p><span style=\"font-weight: 400;\">Ein im S\u00fcden von Kapstadt ausgesprochen k\u00fchler Jahrgang sorgte f\u00fcr glasklare und \u00fcberaus pr\u00e4zise Aromen, die schwarze Johannisbeeren, saftige Pflaumen und getrocknete Kr\u00e4uter suggerieren. Begleitet von erdiger Mineralit\u00e4t betten sie sich in einen K\u00f6rper, dem saftig-m\u00fcrbe Tannine und eine subtile S\u00e4ure Spannung und Struktur verleihen. Ist bereits in jungen Jahren einladend und zug\u00e4nglich, hat zudem aber auch enormes Reifepotenzial.<\/span><\/p>","protected":false},"featured_media":991565,"template":"","meta":{"spay_email":""},"product_cat":[52],"product_tag":[],"class_list":["post-991557","product","type-product","status-publish","has-post-thumbnail","hentry","product_cat-constantia-glen-three"],"_links":{"self":[{"href":"https:\/\/eu.constantiaglen.com\/en\/wp-json\/wp\/v2\/product\/991557","targetHints":{"allow":["GET"]}}],"collection":[{"href":"https:\/\/eu.constantiaglen.com\/en\/wp-json\/wp\/v2\/product"}],"about":[{"href":"https:\/\/eu.constantiaglen.com\/en\/wp-json\/wp\/v2\/types\/product"}],"version-history":[{"count":1,"href":"https:\/\/eu.constantiaglen.com\/en\/wp-json\/wp\/v2\/product\/991557\/revisions"}],"predecessor-version":[{"id":991566,"href":"https:\/\/eu.constantiaglen.com\/en\/wp-json\/wp\/v2\/product\/991557\/revisions\/991566"}],"wp:featuredmedia":[{"embeddable":true,"href":"https:\/\/eu.constantiaglen.com\/en\/wp-json\/wp\/v2\/media\/991565"}],"wp:attachment":[{"href":"https:\/\/eu.constantiaglen.com\/en\/wp-json\/wp\/v2\/media?parent=991557"}],"wp:term":[{"taxonomy":"product_cat","embeddable":true,"href":"https:\/\/eu.constantiaglen.com\/en\/wp-json\/wp\/v2\/product_cat?post=991557"},{"taxonomy":"product_tag","embeddable":true,"href":"https:\/\/eu.constantiaglen.com\/en\/wp-json\/wp\/v2\/product_tag?post=991557"}],"curies":[{"name":"wp","href":"https:\/\/api.w.org\/{rel}","templated":true}]}}