{"id":991536,"date":"2023-02-08T14:25:24","date_gmt":"2023-02-08T13:25:24","guid":{"rendered":"https:\/\/eu.constantiaglen.com\/?post_type=product&#038;p=991536"},"modified":"2024-10-08T16:16:05","modified_gmt":"2024-10-08T14:16:05","slug":"2022-constantia-glen-sauvignon-blanc","status":"publish","type":"product","link":"https:\/\/eu.constantiaglen.com\/en\/wein\/2022-constantia-glen-sauvignon-blanc\/","title":{"rendered":"2022 Constantia Glen Sauvignon Blanc"},"content":{"rendered":"<div data-elementor-type=\"product-post\" data-elementor-id=\"991536\" class=\"elementor elementor-991536\">\n\t\t\t\t\t\t\t\t\t<section class=\"elementor-section elementor-top-section elementor-element elementor-element-890931d elementor-section-boxed elementor-section-height-default elementor-section-height-default\" data-id=\"890931d\" data-element_type=\"section\">\n\t\t\t\t\t\t<div class=\"elementor-container elementor-column-gap-default\">\n\t\t\t\t\t<div class=\"elementor-column elementor-col-100 elementor-top-column elementor-element elementor-element-7a739cc1\" data-id=\"7a739cc1\" data-element_type=\"column\">\n\t\t\t<div class=\"elementor-widget-wrap elementor-element-populated\">\n\t\t\t\t\t\t\t\t<div class=\"elementor-element elementor-element-4f9f4b35 elementor-widget elementor-widget-heading\" data-id=\"4f9f4b35\" data-element_type=\"widget\" data-widget_type=\"heading.default\">\n\t\t\t\t<div class=\"elementor-widget-container\">\n\t\t\t<h5 class=\"elementor-heading-title elementor-size-default\">Technical data<\/h5>\t\t<\/div>\n\t\t\t\t<\/div>\n\t\t\t\t<div class=\"elementor-element elementor-element-551956b6 elementor-widget elementor-widget-text-editor\" data-id=\"551956b6\" data-element_type=\"widget\" data-widget_type=\"text-editor.default\">\n\t\t\t\t<div class=\"elementor-widget-container\">\n\t\t\t\t\t\t\t<p><strong>Alcohol:<\/strong> 13,5%<br \/><strong>Residual sugar:<\/strong> 1,1 g\/l<br \/><strong>pH:<\/strong> 3,17<br \/><strong>Titratable Acidity:<\/strong>\u00a06g\/l<\/p>\t\t\t\t\t\t<\/div>\n\t\t\t\t<\/div>\n\t\t\t\t<div class=\"elementor-element elementor-element-26aba0f8 elementor-widget elementor-widget-heading\" data-id=\"26aba0f8\" data-element_type=\"widget\" data-widget_type=\"heading.default\">\n\t\t\t\t<div class=\"elementor-widget-container\">\n\t\t\t<h5 class=\"elementor-heading-title elementor-size-default\">Harvest summary by winemaker, Justin van Wyk<\/h5>\t\t<\/div>\n\t\t\t\t<\/div>\n\t\t\t\t<div class=\"elementor-element elementor-element-79372047 elementor-widget elementor-widget-text-editor\" data-id=\"79372047\" data-element_type=\"widget\" data-widget_type=\"text-editor.default\">\n\t\t\t\t<div class=\"elementor-widget-container\">\n\t\t\t\t\t\t\t<p>Der Jahrgang 2022 war ein weiterer fantastischer Jahrgang f\u00fcr die wei\u00dfen Rebsorten bei Constantia Glen. Dank einer k\u00fchlen Vegetationsperiode startete unsere Lese erst am 28. Februar 2022, so sp\u00e4t wie selten zuvor. Die Aromen der Trauben pr\u00e4sentierten sich zu diesem Zeitpunkt konzentriert und wirkten, von einer lebendigen S\u00e4ure begleitet, frisch und einladend. Frisches Lesewetter f\u00fchrt generell zu einer langsamen und gleichm\u00e4\u00dfigen Reifung der Trauben und der Entwicklung komplexer und vielschichtiger Geschmackskomponenten. Positiv wirkte sich zudem die tiefe Verwurzelung unserer Reben aus, die selbst in trockenen Wetterphasen ausreichend Feuchtigkeit aus der Tiefe aufnehmen k\u00f6nnen.&nbsp;<\/p><p>Die Lese des Sauvignon Blanc dauerte knapp drei Wochen, vom 28. Februar bis zum 17. M\u00e4rz 2022. Dabei wurde jeder einzelne Weingarten von Hand geerntet. Oberste Priorit\u00e4t hatte die perfekte Reife der Trauben, die analytisch wie auch sensorisch festgestellt wurde. Abgeschlossen wurde unsere Lese am 18. M\u00e4rz 2022 mit einer mikroskopischen Charge S\u00e9millon (der insgesamt zwei Prozent des Weins ausmacht).<\/p>\t\t\t\t\t\t<\/div>\n\t\t\t\t<\/div>\n\t\t\t\t<div class=\"elementor-element elementor-element-bafa73f elementor-widget elementor-widget-heading\" data-id=\"bafa73f\" data-element_type=\"widget\" data-widget_type=\"heading.default\">\n\t\t\t\t<div class=\"elementor-widget-container\">\n\t\t\t<h5 class=\"elementor-heading-title elementor-size-default\">Colour<\/h5>\t\t<\/div>\n\t\t\t\t<\/div>\n\t\t\t\t<div class=\"elementor-element elementor-element-35d8f72 elementor-widget elementor-widget-text-editor\" data-id=\"35d8f72\" data-element_type=\"widget\" data-widget_type=\"text-editor.default\">\n\t\t\t\t<div class=\"elementor-widget-container\">\n\t\t\t\t\t\t\t<p>Hell und strohgelb mit einem h\u00fcbschen gr\u00fcnlichen Schimmer.<\/p>\t\t\t\t\t\t<\/div>\n\t\t\t\t<\/div>\n\t\t\t\t<div class=\"elementor-element elementor-element-aa179ed elementor-widget elementor-widget-heading\" data-id=\"aa179ed\" data-element_type=\"widget\" data-widget_type=\"heading.default\">\n\t\t\t\t<div class=\"elementor-widget-container\">\n\t\t\t<h5 class=\"elementor-heading-title elementor-size-default\">Nose<\/h5>\t\t<\/div>\n\t\t\t\t<\/div>\n\t\t\t\t<div class=\"elementor-element elementor-element-0e4da26 elementor-widget elementor-widget-text-editor\" data-id=\"0e4da26\" data-element_type=\"widget\" data-widget_type=\"text-editor.default\">\n\t\t\t\t<div class=\"elementor-widget-container\">\n\t\t\t\t\t\t\t<p>Zitronengras und Limetten geben den Ton an und werden von Stachelbeeren, wei\u00dfem Pfirsich und tropischen Fr\u00fcchten erg\u00e4nzt. Elegant und vital \u00f6ffnet sich unser Sauvignon Blanc sukzessive auch schwarzen Johannisbeeren, Zitrusfr\u00fcchten und Holunderbl\u00fctenaromen.<\/p>\t\t\t\t\t\t<\/div>\n\t\t\t\t<\/div>\n\t\t\t\t<div class=\"elementor-element elementor-element-609c56c elementor-widget elementor-widget-heading\" data-id=\"609c56c\" data-element_type=\"widget\" data-widget_type=\"heading.default\">\n\t\t\t\t<div class=\"elementor-widget-container\">\n\t\t\t<h5 class=\"elementor-heading-title elementor-size-default\">Palate<\/h5>\t\t<\/div>\n\t\t\t\t<\/div>\n\t\t\t\t<div class=\"elementor-element elementor-element-cae55bd elementor-widget elementor-widget-text-editor\" data-id=\"cae55bd\" data-element_type=\"widget\" data-widget_type=\"text-editor.default\">\n\t\t\t\t<div class=\"elementor-widget-container\">\n\t\t\t\t\t\t\t<p>Die konzentrierten Aromen spiegeln sich am Gaumen wieder, wo sie auf eine lebendige S\u00e4ure und eine kompakte Textur treffen. Frische, Raffinesse und Eleganz charakterisieren das Mundgef\u00fchl. Der lange Hefekontakt und der kleine aber wichtige Anteil S\u00e9millon verleihen dem Wein K\u00f6rper und F\u00fclle und puffern die vitale S\u00e4ure. Unser Sauvignon Blanc repr\u00e4sentiert die typischen Eigenschaften der Rebsorte und vereint sie mit dem k\u00fchlen Terroir unserer Weinregion. Er schl\u00e4gt sich bereits in jungen Jahren bestens, kann aber unter idealen Bedingungen auch f\u00fcnf bis acht Jahre gelagert werden.<\/p>\t\t\t\t\t\t<\/div>\n\t\t\t\t<\/div>\n\t\t\t\t<section class=\"elementor-section elementor-inner-section elementor-element elementor-element-3537051a elementor-section-boxed elementor-section-height-default elementor-section-height-default\" data-id=\"3537051a\" data-element_type=\"section\">\n\t\t\t\t\t\t<div class=\"elementor-container elementor-column-gap-default\">\n\t\t\t\t\t<div class=\"elementor-column elementor-col-100 elementor-inner-column elementor-element elementor-element-51a4e35c\" data-id=\"51a4e35c\" data-element_type=\"column\">\n\t\t\t<div class=\"elementor-widget-wrap elementor-element-populated\">\n\t\t\t\t\t\t\t\t<div class=\"elementor-element elementor-element-3b67b3f0 elementor-widget__width-initial elementor-widget-mobile__width-initial elementor-fixed elementor-hidden-tablet elementor-hidden-phone elementor-widget elementor-widget-image\" data-id=\"3b67b3f0\" data-element_type=\"widget\" data-settings=\"{&quot;_position&quot;:&quot;fixed&quot;}\" data-widget_type=\"image.default\">\n\t\t\t\t<div class=\"elementor-widget-container\">\n\t\t\t\t\t\t\t<div class=\"elementor-image\">\n\t\t\t\t\t\t\t\t\t\t\t\t\t\t\t\t\t\t\t\t\t<img loading=\"lazy\" decoding=\"async\" width=\"308\" height=\"444\" src=\"https:\/\/eu.constantiaglen.com\/wp-content\/uploads\/2021\/11\/elder_small.png\" class=\"attachment-large size-large\" alt=\"\" srcset=\"https:\/\/eu.constantiaglen.com\/wp-content\/uploads\/2021\/11\/elder_small.png 308w, https:\/\/eu.constantiaglen.com\/wp-content\/uploads\/2021\/11\/elder_small-208x300.png 208w\" sizes=\"auto, (max-width: 308px) 100vw, 308px\" \/>\t\t\t\t\t\t\t\t\t\t\t\t\t\t\t\t\t\t\t\t\t\t\t\t<\/div>\n\t\t\t\t\t\t<\/div>\n\t\t\t\t<\/div>\n\t\t\t\t\t<\/div>\n\t\t<\/div>\n\t\t\t\t\t\t\t<\/div>\n\t\t<\/section>\n\t\t\t\t\t<\/div>\n\t\t<\/div>\n\t\t\t\t\t\t\t<\/div>\n\t\t<\/section>\n\t\t\t\t\t\t\t<\/div>","protected":false},"excerpt":{"rendered":"<p>Hell und strahlend in der Farbe wie in der Nase. In Letzterer offeriert unser Sauvignon Blanc bestens austarierte Fruchtnoten und eine k\u00fchle Mineralik. Die einladende Vitalit\u00e4t setzt sich am Gaumen fort. Eingebettet wird diese in einen eleganten K\u00f6rper, dem eine kompakte Textur Energie und Spannung verleiht.<\/p>","protected":false},"featured_media":991539,"template":"","meta":{"spay_email":""},"product_cat":[50],"product_tag":[],"class_list":["post-991536","product","type-product","status-publish","has-post-thumbnail","hentry","product_cat-constantia-glen-sauvignon-blanc"],"_links":{"self":[{"href":"https:\/\/eu.constantiaglen.com\/en\/wp-json\/wp\/v2\/product\/991536","targetHints":{"allow":["GET"]}}],"collection":[{"href":"https:\/\/eu.constantiaglen.com\/en\/wp-json\/wp\/v2\/product"}],"about":[{"href":"https:\/\/eu.constantiaglen.com\/en\/wp-json\/wp\/v2\/types\/product"}],"version-history":[{"count":8,"href":"https:\/\/eu.constantiaglen.com\/en\/wp-json\/wp\/v2\/product\/991536\/revisions"}],"predecessor-version":[{"id":991552,"href":"https:\/\/eu.constantiaglen.com\/en\/wp-json\/wp\/v2\/product\/991536\/revisions\/991552"}],"wp:featuredmedia":[{"embeddable":true,"href":"https:\/\/eu.constantiaglen.com\/en\/wp-json\/wp\/v2\/media\/991539"}],"wp:attachment":[{"href":"https:\/\/eu.constantiaglen.com\/en\/wp-json\/wp\/v2\/media?parent=991536"}],"wp:term":[{"taxonomy":"product_cat","embeddable":true,"href":"https:\/\/eu.constantiaglen.com\/en\/wp-json\/wp\/v2\/product_cat?post=991536"},{"taxonomy":"product_tag","embeddable":true,"href":"https:\/\/eu.constantiaglen.com\/en\/wp-json\/wp\/v2\/product_tag?post=991536"}],"curies":[{"name":"wp","href":"https:\/\/api.w.org\/{rel}","templated":true}]}}