{"id":990894,"date":"2022-06-07T07:36:09","date_gmt":"2022-06-07T07:36:09","guid":{"rendered":"https:\/\/eu.constantiaglen.com\/?post_type=product&#038;p=990894"},"modified":"2022-08-10T07:18:56","modified_gmt":"2022-08-10T07:18:56","slug":"2021-constantia-glen-rose","status":"publish","type":"product","link":"https:\/\/eu.constantiaglen.com\/en\/wein\/2021-constantia-glen-rose\/","title":{"rendered":"2021 Constantia Glen Rose"},"content":{"rendered":"<div data-elementor-type=\"product-post\" data-elementor-id=\"990894\" class=\"elementor elementor-990894\">\n\t\t\t\t\t\t\t\t\t<section class=\"elementor-section elementor-top-section elementor-element elementor-element-890931d elementor-section-boxed elementor-section-height-default elementor-section-height-default\" data-id=\"890931d\" data-element_type=\"section\">\n\t\t\t\t\t\t<div class=\"elementor-container elementor-column-gap-default\">\n\t\t\t\t\t<div class=\"elementor-column elementor-col-100 elementor-top-column elementor-element elementor-element-7a739cc1\" data-id=\"7a739cc1\" data-element_type=\"column\">\n\t\t\t<div class=\"elementor-widget-wrap elementor-element-populated\">\n\t\t\t\t\t\t\t\t<div class=\"elementor-element elementor-element-4f9f4b35 elementor-widget elementor-widget-heading\" data-id=\"4f9f4b35\" data-element_type=\"widget\" data-widget_type=\"heading.default\">\n\t\t\t\t<div class=\"elementor-widget-container\">\n\t\t\t<h5 class=\"elementor-heading-title elementor-size-default\">Technical data<\/h5>\t\t<\/div>\n\t\t\t\t<\/div>\n\t\t\t\t<div class=\"elementor-element elementor-element-551956b6 elementor-widget elementor-widget-text-editor\" data-id=\"551956b6\" data-element_type=\"widget\" data-widget_type=\"text-editor.default\">\n\t\t\t\t<div class=\"elementor-widget-container\">\n\t\t\t\t\t\t\t<p><strong>Titratable Acidity:<\/strong> 5,9 g\/L<br \/><strong>pH:<\/strong> 3.16<br \/><strong>Alcohol:<\/strong> 13.5%<br \/><strong>Residual sugar:<\/strong> 1,9 g\/L<br \/><strong>VA:<\/strong> 0,41 g\/L<\/p>\t\t\t\t\t\t<\/div>\n\t\t\t\t<\/div>\n\t\t\t\t<div class=\"elementor-element elementor-element-26aba0f8 elementor-widget elementor-widget-heading\" data-id=\"26aba0f8\" data-element_type=\"widget\" data-widget_type=\"heading.default\">\n\t\t\t\t<div class=\"elementor-widget-container\">\n\t\t\t<h5 class=\"elementor-heading-title elementor-size-default\">Harvest summary by winemaker, Justin van Wyk<\/h5>\t\t<\/div>\n\t\t\t\t<\/div>\n\t\t\t\t<div class=\"elementor-element elementor-element-79372047 elementor-widget elementor-widget-text-editor\" data-id=\"79372047\" data-element_type=\"widget\" data-widget_type=\"text-editor.default\">\n\t\t\t\t<div class=\"elementor-widget-container\">\n\t\t\t\t\t\t\t<p>2020 was yet another fantastic vintage for the white varieties at Constantia Glen. The flavour\nof the grapes at the time of picking was concentrated and intense with good acidity. The\nharvest was preceded by a cool summer growing-season, but a warmer-than-usual month of February hastened the ripening at the end ever so slightly. This meant that we harvested a week earlier than the two previous vintages. Thanks to well established vineyards with excellent root systems, the grapes retained phenomenal acidity despite fairly warm\nconditions just before harvest. Our dryland vineyards showed remarkable buffering capacity\nand the 2020 vintage has delivered extremely elegant and refined white wines with great\nrichness, texture, and delicious, mouth-coating acidity. Picking of the Sauvignon Blanc commenced on 18 February 2020 and continued for 3 weeks as each different clone and\nvineyard block achieved optimal ripeness and flavour concentration. The white grape harvest came to a close on 6 March 2020 when the block of S\u00e9millon (making up 5% of this wine) was safely picked and processed into the winery.<\/p>\t\t\t\t\t\t<\/div>\n\t\t\t\t<\/div>\n\t\t\t\t<div class=\"elementor-element elementor-element-bafa73f elementor-widget elementor-widget-heading\" data-id=\"bafa73f\" data-element_type=\"widget\" data-widget_type=\"heading.default\">\n\t\t\t\t<div class=\"elementor-widget-container\">\n\t\t\t<h5 class=\"elementor-heading-title elementor-size-default\">Vinification<\/h5>\t\t<\/div>\n\t\t\t\t<\/div>\n\t\t\t\t<div class=\"elementor-element elementor-element-35d8f72 elementor-widget elementor-widget-text-editor\" data-id=\"35d8f72\" data-element_type=\"widget\" data-widget_type=\"text-editor.default\">\n\t\t\t\t<div class=\"elementor-widget-container\">\n\t\t\t\t\t\t\t<p>Most of the grapes used to make this Constantia Sauvignon blanc are grown on the estate,\ntogether with a specially selected portion from another vineyard block within the region.\nThe grapes are handpicked, pressed and the clean juice is fermented in stainless-steel tanks\nat a constant cool temperature of 14 degrees Celsius. The wine is then matured on the lees\nfor 5 months in the stainless-steel tanks, before it is stabilised and bottled.<\/p>\t\t\t\t\t\t<\/div>\n\t\t\t\t<\/div>\n\t\t\t\t<div class=\"elementor-element elementor-element-aa179ed elementor-widget elementor-widget-heading\" data-id=\"aa179ed\" data-element_type=\"widget\" data-widget_type=\"heading.default\">\n\t\t\t\t<div class=\"elementor-widget-container\">\n\t\t\t<h5 class=\"elementor-heading-title elementor-size-default\">Tasting Note<\/h5>\t\t<\/div>\n\t\t\t\t<\/div>\n\t\t\t\t<div class=\"elementor-element elementor-element-0e4da26 elementor-widget elementor-widget-text-editor\" data-id=\"0e4da26\" data-element_type=\"widget\" data-widget_type=\"text-editor.default\">\n\t\t\t\t<div class=\"elementor-widget-container\">\n\t\t\t\t\t\t\t<p>This wine is bright with a light straw-like appearance highlighted by a light green hue.\nThe subtle aromatics take a couple of swirls of the glass to peel away at the many underlying\nlayers of this intricate wine. Initial aromas of lemongrass and lime lead to bolder aromas of\nthe more tropical spectrum, such as gooseberry and white peach. This elegant wine will greet\nyou with a final bouquet of blackcurrant, citrus and elderflower, as you prepare to take your\nfirst sip. The concentrated aromatics carry effortlessly to the palate, where they integrate with a rich and textured mouthfeel. This wine is beautifully refined and elegant with a mineral edge and crisp acidity. The extended lees contact post fermentation gives this wine great weight and length. Made in a classic style, illustrating elegance, texture and freshness, this wine will benefit from a couple of years of ageing under ideal cellaring conditions.<\/p>\t\t\t\t\t\t<\/div>\n\t\t\t\t<\/div>\n\t\t\t\t<div class=\"elementor-element elementor-element-609c56c elementor-widget elementor-widget-heading\" data-id=\"609c56c\" data-element_type=\"widget\" data-widget_type=\"heading.default\">\n\t\t\t\t<div class=\"elementor-widget-container\">\n\t\t\t<h5 class=\"elementor-heading-title elementor-size-default\">Speiseempfehlung<\/h5>\t\t<\/div>\n\t\t\t\t<\/div>\n\t\t\t\t<div class=\"elementor-element elementor-element-cae55bd elementor-widget elementor-widget-text-editor\" data-id=\"cae55bd\" data-element_type=\"widget\" data-widget_type=\"text-editor.default\">\n\t\t\t\t<div class=\"elementor-widget-container\">\n\t\t\t\t\t\t\t<p>Rote R\u00fcben und Ziegenk\u00e4se-Salat. Seesaibling mit Melone und Limonen\u00f6l; Pochiertes H\u00e4hnchen mit gekochtem Gem\u00fcse und Salsa Verde<\/p>\t\t\t\t\t\t<\/div>\n\t\t\t\t<\/div>\n\t\t\t\t<div class=\"elementor-element elementor-element-3d71ac72 elementor-widget elementor-widget-heading\" data-id=\"3d71ac72\" data-element_type=\"widget\" data-widget_type=\"heading.default\">\n\t\t\t\t<div class=\"elementor-widget-container\">\n\t\t\t<h5 class=\"elementor-heading-title elementor-size-default\">Awards<\/h5>\t\t<\/div>\n\t\t\t\t<\/div>\n\t\t\t\t<section class=\"elementor-section elementor-inner-section elementor-element elementor-element-6462db01 elementor-section-boxed elementor-section-height-default elementor-section-height-default\" data-id=\"6462db01\" data-element_type=\"section\">\n\t\t\t\t\t\t<div class=\"elementor-container elementor-column-gap-default\">\n\t\t\t\t\t<div class=\"elementor-column elementor-col-33 elementor-inner-column elementor-element elementor-element-2037fa10\" data-id=\"2037fa10\" data-element_type=\"column\">\n\t\t\t<div class=\"elementor-widget-wrap elementor-element-populated\">\n\t\t\t\t\t\t\t\t<div class=\"elementor-element elementor-element-3d8ca2f elementor-headline--style-highlight elementor-widget elementor-widget-vamtam-animated-headline\" data-id=\"3d8ca2f\" data-element_type=\"widget\" data-settings=\"{&quot;marker&quot;:&quot;curly&quot;,&quot;highlighted_text&quot;:&quot;90\\\/100&quot;,&quot;headline_style&quot;:&quot;highlight&quot;,&quot;loop&quot;:&quot;yes&quot;,&quot;highlight_animation_duration&quot;:1200,&quot;highlight_iteration_delay&quot;:8000}\" data-widget_type=\"vamtam-animated-headline.default\">\n\t\t\t\t<div class=\"elementor-widget-container\">\n\t\t\t\t\t\t\t<h5 class=\"elementor-headline\">\n\t\t\t\t\t\t\t\t\t\t\t\t\t\t\t\t\t\t<span class=\"elementor-headline-plain-text elementor-headline-text-wrapper\">Tim Atkin MW<br>2020 SA Weinreport: <br><\/span>\n\t\t\t\t\t\t\t\t\t\t\t\t<span class=\"elementor-headline-dynamic-wrapper elementor-headline-text-wrapper\">\n\t\t\t\t\t\t\t\t\t\t\t\t\t<span class=\"elementor-headline-dynamic-text elementor-headline-text-active\">90\/100<\/span>\n\t\t\t\t\t\t\t\t\t\t\t\t<\/span>\n\t\t\t\t\t\t\t\t\t\t\t\t\t\t\t<\/h5>\n\t\t\t\t\t\t<\/div>\n\t\t\t\t<\/div>\n\t\t\t\t\t<\/div>\n\t\t<\/div>\n\t\t\t\t<div class=\"elementor-column elementor-col-33 elementor-inner-column elementor-element elementor-element-5aec6b1\" data-id=\"5aec6b1\" data-element_type=\"column\">\n\t\t\t<div class=\"elementor-widget-wrap elementor-element-populated\">\n\t\t\t\t\t\t\t\t<div class=\"elementor-element elementor-element-2a738dca elementor-headline--style-highlight elementor-widget elementor-widget-vamtam-animated-headline\" data-id=\"2a738dca\" data-element_type=\"widget\" data-settings=\"{&quot;marker&quot;:&quot;curly&quot;,&quot;highlighted_text&quot;:&quot;91\\\/100&quot;,&quot;headline_style&quot;:&quot;highlight&quot;,&quot;loop&quot;:&quot;yes&quot;,&quot;highlight_animation_duration&quot;:1200,&quot;highlight_iteration_delay&quot;:8000}\" data-widget_type=\"vamtam-animated-headline.default\">\n\t\t\t\t<div class=\"elementor-widget-container\">\n\t\t\t\t\t\t\t<h5 class=\"elementor-headline\">\n\t\t\t\t\t\t\t\t\t\t\t\t\t\t\t\t\t\t<span class=\"elementor-headline-plain-text elementor-headline-text-wrapper\">Falstaff: <br><\/span>\n\t\t\t\t\t\t\t\t\t\t\t\t<span class=\"elementor-headline-dynamic-wrapper elementor-headline-text-wrapper\">\n\t\t\t\t\t\t\t\t\t\t\t\t\t<span class=\"elementor-headline-dynamic-text elementor-headline-text-active\">91\/100<\/span>\n\t\t\t\t\t\t\t\t\t\t\t\t<\/span>\n\t\t\t\t\t\t\t\t\t\t\t\t\t\t\t<\/h5>\n\t\t\t\t\t\t<\/div>\n\t\t\t\t<\/div>\n\t\t\t\t\t<\/div>\n\t\t<\/div>\n\t\t\t\t<div class=\"elementor-column elementor-col-33 elementor-inner-column elementor-element elementor-element-59d57b6\" data-id=\"59d57b6\" data-element_type=\"column\">\n\t\t\t<div class=\"elementor-widget-wrap elementor-element-populated\">\n\t\t\t\t\t\t\t\t<div class=\"elementor-element elementor-element-6053b21d elementor-headline--style-highlight elementor-widget elementor-widget-vamtam-animated-headline\" data-id=\"6053b21d\" data-element_type=\"widget\" data-settings=\"{&quot;marker&quot;:&quot;curly&quot;,&quot;highlighted_text&quot;:&quot;94\\\/100&quot;,&quot;headline_style&quot;:&quot;highlight&quot;,&quot;loop&quot;:&quot;yes&quot;,&quot;highlight_animation_duration&quot;:1200,&quot;highlight_iteration_delay&quot;:8000}\" data-widget_type=\"vamtam-animated-headline.default\">\n\t\t\t\t<div class=\"elementor-widget-container\">\n\t\t\t\t\t\t\t<h5 class=\"elementor-headline\">\n\t\t\t\t\t\t\t\t\t\t\t\t\t\t\t\t\t\t<span class=\"elementor-headline-plain-text elementor-headline-text-wrapper\">Platter's 2021 guide\u200b: <br><\/span>\n\t\t\t\t\t\t\t\t\t\t\t\t<span class=\"elementor-headline-dynamic-wrapper elementor-headline-text-wrapper\">\n\t\t\t\t\t\t\t\t\t\t\t\t\t<span class=\"elementor-headline-dynamic-text elementor-headline-text-active\">94\/100<\/span>\n\t\t\t\t\t\t\t\t\t\t\t\t<\/span>\n\t\t\t\t\t\t\t\t\t\t\t\t\t<span class=\"elementor-headline-plain-text elementor-headline-text-wrapper\">4.5 Sterne<\/span>\n\t\t\t\t\t\t\t\t\t\t\t\t\t\t\t\t<\/h5>\n\t\t\t\t\t\t<\/div>\n\t\t\t\t<\/div>\n\t\t\t\t\t<\/div>\n\t\t<\/div>\n\t\t\t\t\t\t\t<\/div>\n\t\t<\/section>\n\t\t\t\t<section class=\"elementor-section elementor-inner-section elementor-element elementor-element-3537051a elementor-section-boxed elementor-section-height-default elementor-section-height-default\" data-id=\"3537051a\" data-element_type=\"section\">\n\t\t\t\t\t\t<div class=\"elementor-container elementor-column-gap-default\">\n\t\t\t\t\t<div class=\"elementor-column elementor-col-100 elementor-inner-column elementor-element elementor-element-51a4e35c\" data-id=\"51a4e35c\" data-element_type=\"column\">\n\t\t\t<div class=\"elementor-widget-wrap elementor-element-populated\">\n\t\t\t\t\t\t\t\t<div class=\"elementor-element elementor-element-3b67b3f0 elementor-widget__width-initial elementor-widget-mobile__width-initial elementor-fixed elementor-hidden-tablet elementor-hidden-phone elementor-widget elementor-widget-image\" data-id=\"3b67b3f0\" data-element_type=\"widget\" data-settings=\"{&quot;_position&quot;:&quot;fixed&quot;}\" data-widget_type=\"image.default\">\n\t\t\t\t<div class=\"elementor-widget-container\">\n\t\t\t\t\t\t\t<div class=\"elementor-image\">\n\t\t\t\t\t\t\t\t\t\t\t\t\t\t\t\t\t\t\t\t\t<img loading=\"lazy\" decoding=\"async\" width=\"308\" height=\"444\" src=\"https:\/\/eu.constantiaglen.com\/wp-content\/uploads\/2021\/11\/elder_small.png\" class=\"attachment-large size-large\" alt=\"\" srcset=\"https:\/\/eu.constantiaglen.com\/wp-content\/uploads\/2021\/11\/elder_small.png 308w, https:\/\/eu.constantiaglen.com\/wp-content\/uploads\/2021\/11\/elder_small-208x300.png 208w\" sizes=\"auto, (max-width: 308px) 100vw, 308px\" \/>\t\t\t\t\t\t\t\t\t\t\t\t\t\t\t\t\t\t\t\t\t\t\t\t<\/div>\n\t\t\t\t\t\t<\/div>\n\t\t\t\t<\/div>\n\t\t\t\t\t<\/div>\n\t\t<\/div>\n\t\t\t\t\t\t\t<\/div>\n\t\t<\/section>\n\t\t\t\t\t<\/div>\n\t\t<\/div>\n\t\t\t\t\t\t\t<\/div>\n\t\t<\/section>\n\t\t\t\t\t\t\t<\/div>","protected":false},"excerpt":{"rendered":"<p>Intense varietal character is the cornerstone of our classically-styled Sauvignon blanc, combining tropical fruit flavours with a well-integrated minerality. A wine of freshness, impeccable balance and great length.<\/p>","protected":false},"featured_media":987710,"template":"","meta":{"spay_email":""},"product_cat":[62],"product_tag":[],"class_list":["post-990894","product","type-product","status-publish","has-post-thumbnail","hentry","product_cat-constantia-glen-rose"],"_links":{"self":[{"href":"https:\/\/eu.constantiaglen.com\/en\/wp-json\/wp\/v2\/product\/990894","targetHints":{"allow":["GET"]}}],"collection":[{"href":"https:\/\/eu.constantiaglen.com\/en\/wp-json\/wp\/v2\/product"}],"about":[{"href":"https:\/\/eu.constantiaglen.com\/en\/wp-json\/wp\/v2\/types\/product"}],"version-history":[{"count":1,"href":"https:\/\/eu.constantiaglen.com\/en\/wp-json\/wp\/v2\/product\/990894\/revisions"}],"predecessor-version":[{"id":990898,"href":"https:\/\/eu.constantiaglen.com\/en\/wp-json\/wp\/v2\/product\/990894\/revisions\/990898"}],"wp:featuredmedia":[{"embeddable":true,"href":"https:\/\/eu.constantiaglen.com\/en\/wp-json\/wp\/v2\/media\/987710"}],"wp:attachment":[{"href":"https:\/\/eu.constantiaglen.com\/en\/wp-json\/wp\/v2\/media?parent=990894"}],"wp:term":[{"taxonomy":"product_cat","embeddable":true,"href":"https:\/\/eu.constantiaglen.com\/en\/wp-json\/wp\/v2\/product_cat?post=990894"},{"taxonomy":"product_tag","embeddable":true,"href":"https:\/\/eu.constantiaglen.com\/en\/wp-json\/wp\/v2\/product_tag?post=990894"}],"curies":[{"name":"wp","href":"https:\/\/api.w.org\/{rel}","templated":true}]}}