{"id":990888,"date":"2022-06-07T06:27:14","date_gmt":"2022-06-07T06:27:14","guid":{"rendered":"https:\/\/eu.constantiaglen.com\/?post_type=product&#038;p=990888"},"modified":"2025-11-21T08:44:23","modified_gmt":"2025-11-21T07:44:23","slug":"2019-constantia-glen-five","status":"publish","type":"product","link":"https:\/\/eu.constantiaglen.com\/en\/wein\/2019-constantia-glen-five\/","title":{"rendered":"2019 Constantia Glen FIVE"},"content":{"rendered":"<div data-elementor-type=\"product-post\" data-elementor-id=\"990888\" class=\"elementor elementor-990888\">\n\t\t\t\t\t\t\t\t\t<section class=\"elementor-section elementor-top-section elementor-element elementor-element-14fdd21e elementor-section-boxed elementor-section-height-default elementor-section-height-default\" data-id=\"14fdd21e\" data-element_type=\"section\">\n\t\t\t\t\t\t<div class=\"elementor-container elementor-column-gap-default\">\n\t\t\t\t\t<div class=\"elementor-column elementor-col-100 elementor-top-column elementor-element elementor-element-5071544a\" data-id=\"5071544a\" data-element_type=\"column\">\n\t\t\t<div class=\"elementor-widget-wrap elementor-element-populated\">\n\t\t\t\t\t\t\t\t<div class=\"elementor-element elementor-element-2b179fa1 elementor-widget elementor-widget-heading\" data-id=\"2b179fa1\" data-element_type=\"widget\" data-widget_type=\"heading.default\">\n\t\t\t\t<div class=\"elementor-widget-container\">\n\t\t\t<h5 class=\"elementor-heading-title elementor-size-default\">Technical data<\/h5>\t\t<\/div>\n\t\t\t\t<\/div>\n\t\t\t\t<div class=\"elementor-element elementor-element-7c1d6a23 elementor-widget elementor-widget-text-editor\" data-id=\"7c1d6a23\" data-element_type=\"widget\" data-widget_type=\"text-editor.default\">\n\t\t\t\t<div class=\"elementor-widget-container\">\n\t\t\t\t\t\t\t<p>A carefully crafted blend of 30% Cabernet Franc, 22% Cabernet Sauvignon, 22% Merlot, 16% Petit Verdot and 10% Malbec, matured for 19 months in 75% new and 25% second-fill 225 litre French oak barrels. Following barrel maturation, the wine only received a very light filtration before making its way into bottle on 21 January 2020. With no fining agents used during the production of this wine, a harmless sediment may occur during maturation in the bottle. This is truly a stunning vintage of the Constantia Glen FIVE, which we hope will continue to age and\ndevelop beautifully in bottle, and it should easily do so for 12 to 15 years under ideal cellaring\nconditions.<\/p><p><strong>Alcohol:<\/strong> 14,5%<br \/><strong>Residual sugar:<\/strong> 2,2 g\/l<br \/><strong>pH:<\/strong> 3,55<br \/><strong>Titratable Acidity:<\/strong> 5,5 g\/l<br \/><strong>Volatile acidity:<\/strong> 0,66 g\/l<\/p>\t\t\t\t\t\t<\/div>\n\t\t\t\t<\/div>\n\t\t\t\t<div class=\"elementor-element elementor-element-45eed19d elementor-widget elementor-widget-heading\" data-id=\"45eed19d\" data-element_type=\"widget\" data-widget_type=\"heading.default\">\n\t\t\t\t<div class=\"elementor-widget-container\">\n\t\t\t<h5 class=\"elementor-heading-title elementor-size-default\">Harvest summary by winemaker, Justin van Wyk<\/h5>\t\t<\/div>\n\t\t\t\t<\/div>\n\t\t\t\t<div class=\"elementor-element elementor-element-3e3bcd74 elementor-widget elementor-widget-text-editor\" data-id=\"3e3bcd74\" data-element_type=\"widget\" data-widget_type=\"text-editor.default\">\n\t\t\t\t<div class=\"elementor-widget-container\">\n\t\t\t\t\t\t\t<p>2018 was really a fantastic vintage for the red varieties at Constantia Glen. The flavour of the\ngrapes at the time of picking was concentrated and intense with bright aromatics. Good winter\nrains in June and July of 2017 provided the ideal foundation for our dryland vineyards before\nthey embarked on a cool, yet dry growing season, stretching from September 2017 to March 2018, when the harvest commenced.<\/p><p>The slow and long ripening allowed for the slow\naccumulation of sugars, and grapes that retained phenomenal acidity right up until picking. Our estate vineyards showed remarkable buffering capacity and the 2018 vintage has delivered extremely elegant and refined red wines with great richness, texture, aromatic purity, and persistent, mouth-coating tannins.\u00a0<\/p><p>The wines also have great structure and acidity, which will allow for superlative bottle-ageing. The 2018 harvest was quite late, commencing with the first blocks of Merlot and Malbec on 26 March 2018, and we picked the red varieties over 4 weeks with the last block of the Cabernet Sauvignon coming into the winery on 18 April 2018.<\/p>\t\t\t\t\t\t<\/div>\n\t\t\t\t<\/div>\n\t\t\t\t<div class=\"elementor-element elementor-element-42e1839 elementor-widget elementor-widget-heading\" data-id=\"42e1839\" data-element_type=\"widget\" data-widget_type=\"heading.default\">\n\t\t\t\t<div class=\"elementor-widget-container\">\n\t\t\t<h5 class=\"elementor-heading-title elementor-size-default\">Colour<\/h5>\t\t<\/div>\n\t\t\t\t<\/div>\n\t\t\t\t<div class=\"elementor-element elementor-element-48c5f536 elementor-widget elementor-widget-text-editor\" data-id=\"48c5f536\" data-element_type=\"widget\" data-widget_type=\"text-editor.default\">\n\t\t\t\t<div class=\"elementor-widget-container\">\n\t\t\t\t\t\t\t<p>Youthful in colour with a dark, deep red core unwinding into a bright and lively garnet rim.<\/p>\t\t\t\t\t\t<\/div>\n\t\t\t\t<\/div>\n\t\t\t\t<div class=\"elementor-element elementor-element-251afbf7 elementor-widget elementor-widget-heading\" data-id=\"251afbf7\" data-element_type=\"widget\" data-widget_type=\"heading.default\">\n\t\t\t\t<div class=\"elementor-widget-container\">\n\t\t\t<h5 class=\"elementor-heading-title elementor-size-default\">Nose<\/h5>\t\t<\/div>\n\t\t\t\t<\/div>\n\t\t\t\t<div class=\"elementor-element elementor-element-c04a43d elementor-widget elementor-widget-text-editor\" data-id=\"c04a43d\" data-element_type=\"widget\" data-widget_type=\"text-editor.default\">\n\t\t\t\t<div class=\"elementor-widget-container\">\n\t\t\t\t\t\t\t<p>Bright aromas of ripe blackcurrant, juicy plums and fragrant dried herbs. This first impression is\nunderpinned by a multitude of savoury notes that demand further exploration. Graphite, cedar\nand floral aromas start emerging from the glass, and finally once the whirling liquid comes to\nrest; the bouquet concludes with hints of violet, cassis and wild fynbos florae.<\/p>\t\t\t\t\t\t<\/div>\n\t\t\t\t<\/div>\n\t\t\t\t<div class=\"elementor-element elementor-element-2c30cc57 elementor-widget elementor-widget-heading\" data-id=\"2c30cc57\" data-element_type=\"widget\" data-widget_type=\"heading.default\">\n\t\t\t\t<div class=\"elementor-widget-container\">\n\t\t\t<h5 class=\"elementor-heading-title elementor-size-default\">Palate<\/h5>\t\t<\/div>\n\t\t\t\t<\/div>\n\t\t\t\t<div class=\"elementor-element elementor-element-91ebfc1 elementor-widget elementor-widget-text-editor\" data-id=\"91ebfc1\" data-element_type=\"widget\" data-widget_type=\"text-editor.default\">\n\t\t\t\t<div class=\"elementor-widget-container\">\n\t\t\t\t\t\t\t<p>The palate has a dramatic entry as one consumes the concentrated dark fruit flavours that were evident on the nose, but the mid-palate displays fantastic balance between refinement and power. The textbook ripening conditions of the vintage combined with meticulous attention to extraction- and maturation methods in the cellar, have led to a compellingly structured wine with excellent freshness and depth. The delicious, fine-grain tannins provide a structured backbone and incredible mouth-coating texture. The wine comes across as tightly wound in its\nyouth with enormous ageing potential. The ever-present Constantia freshness provides for a\nlong, lingering finish that will have you beckoning for another sip.<\/p>\t\t\t\t\t\t<\/div>\n\t\t\t\t<\/div>\n\t\t\t\t<div class=\"elementor-element elementor-element-2bee3bb2 elementor-widget elementor-widget-heading\" data-id=\"2bee3bb2\" data-element_type=\"widget\" data-widget_type=\"heading.default\">\n\t\t\t\t<div class=\"elementor-widget-container\">\n\t\t\t<h5 class=\"elementor-heading-title elementor-size-default\">Speiseempfehlung<\/h5>\t\t<\/div>\n\t\t\t\t<\/div>\n\t\t\t\t<div class=\"elementor-element elementor-element-c85e6a3 elementor-widget elementor-widget-text-editor\" data-id=\"c85e6a3\" data-element_type=\"widget\" data-widget_type=\"text-editor.default\">\n\t\t\t\t<div class=\"elementor-widget-container\">\n\t\t\t\t\t\t\t<p>Steinpilzrisotto; Gegrilltes Rib-Eye-Steak medium rare; Langsam ged\u00fcnstete Lammschulter mit in Soja-Sauce glasierten Pilzen und Kartoffelgratin<\/p>\t\t\t\t\t\t<\/div>\n\t\t\t\t<\/div>\n\t\t\t\t<section class=\"elementor-section elementor-inner-section elementor-element elementor-element-b5cea21 elementor-section-boxed elementor-section-height-default elementor-section-height-default\" data-id=\"b5cea21\" data-element_type=\"section\">\n\t\t\t\t\t\t<div class=\"elementor-container elementor-column-gap-default\">\n\t\t\t\t\t<div class=\"elementor-column elementor-col-100 elementor-inner-column elementor-element elementor-element-276ad558\" data-id=\"276ad558\" data-element_type=\"column\">\n\t\t\t<div class=\"elementor-widget-wrap elementor-element-populated\">\n\t\t\t\t\t\t\t\t<div class=\"elementor-element elementor-element-7f921b6b elementor-widget__width-initial elementor-widget-mobile__width-initial elementor-fixed elementor-hidden-tablet elementor-hidden-phone elementor-widget elementor-widget-image\" data-id=\"7f921b6b\" data-element_type=\"widget\" data-settings=\"{&quot;_position&quot;:&quot;fixed&quot;}\" data-widget_type=\"image.default\">\n\t\t\t\t<div class=\"elementor-widget-container\">\n\t\t\t\t\t\t\t<div class=\"elementor-image\">\n\t\t\t\t\t\t\t\t\t\t\t\t\t\t\t\t\t\t\t\t\t<img loading=\"lazy\" decoding=\"async\" width=\"492\" height=\"737\" src=\"https:\/\/eu.constantiaglen.com\/wp-content\/uploads\/2022\/01\/zwetschke-2.jpg\" class=\"attachment-large size-large\" alt=\"\" srcset=\"https:\/\/eu.constantiaglen.com\/wp-content\/uploads\/2022\/01\/zwetschke-2.jpg 492w, https:\/\/eu.constantiaglen.com\/wp-content\/uploads\/2022\/01\/zwetschke-2-315x472.jpg 315w, https:\/\/eu.constantiaglen.com\/wp-content\/uploads\/2022\/01\/zwetschke-2-200x300.jpg 200w\" sizes=\"auto, (max-width: 492px) 100vw, 492px\" \/>\t\t\t\t\t\t\t\t\t\t\t\t\t\t\t\t\t\t\t\t\t\t\t\t<\/div>\n\t\t\t\t\t\t<\/div>\n\t\t\t\t<\/div>\n\t\t\t\t\t<\/div>\n\t\t<\/div>\n\t\t\t\t\t\t\t<\/div>\n\t\t<\/section>\n\t\t\t\t\t<\/div>\n\t\t<\/div>\n\t\t\t\t\t\t\t<\/div>\n\t\t<\/section>\n\t\t\t\t\t\t\t<\/div>","protected":false},"excerpt":{"rendered":"<p>Cabernet Sauvignon, Merlot, Cabernet Franc, Malbec und Petit Verdot: Die f\u00fcnf archetypische Rebsorten aus dem Bordeaux bilden das Fundament f\u00fcr unsere Flaggschiff-Cuv\u00e9e: K\u00fchle Atlantikbrisen und viel Sonne sorgen f\u00fcr perfekt ausgereifte Trauben, die selektiv per Hand gelesen und in kleinen Chargen zu einem ausdrucksstarken und eleganten Wein vinifiziert werden.<\/p>","protected":false},"featured_media":990649,"template":"","meta":{"spay_email":""},"product_cat":[53],"product_tag":[],"class_list":["post-990888","product","type-product","status-publish","has-post-thumbnail","hentry","product_cat-constantia-glen-five"],"_links":{"self":[{"href":"https:\/\/eu.constantiaglen.com\/en\/wp-json\/wp\/v2\/product\/990888","targetHints":{"allow":["GET"]}}],"collection":[{"href":"https:\/\/eu.constantiaglen.com\/en\/wp-json\/wp\/v2\/product"}],"about":[{"href":"https:\/\/eu.constantiaglen.com\/en\/wp-json\/wp\/v2\/types\/product"}],"version-history":[{"count":2,"href":"https:\/\/eu.constantiaglen.com\/en\/wp-json\/wp\/v2\/product\/990888\/revisions"}],"predecessor-version":[{"id":991679,"href":"https:\/\/eu.constantiaglen.com\/en\/wp-json\/wp\/v2\/product\/990888\/revisions\/991679"}],"wp:featuredmedia":[{"embeddable":true,"href":"https:\/\/eu.constantiaglen.com\/en\/wp-json\/wp\/v2\/media\/990649"}],"wp:attachment":[{"href":"https:\/\/eu.constantiaglen.com\/en\/wp-json\/wp\/v2\/media?parent=990888"}],"wp:term":[{"taxonomy":"product_cat","embeddable":true,"href":"https:\/\/eu.constantiaglen.com\/en\/wp-json\/wp\/v2\/product_cat?post=990888"},{"taxonomy":"product_tag","embeddable":true,"href":"https:\/\/eu.constantiaglen.com\/en\/wp-json\/wp\/v2\/product_tag?post=990888"}],"curies":[{"name":"wp","href":"https:\/\/api.w.org\/{rel}","templated":true}]}}