{"id":988107,"date":"2021-12-21T12:40:59","date_gmt":"2021-12-21T12:40:59","guid":{"rendered":"http:\/\/eu.constantiaglen.com\/?post_type=product&#038;p=988107"},"modified":"2023-02-20T14:02:25","modified_gmt":"2023-02-20T13:02:25","slug":"constantia-glen-five-2015","status":"publish","type":"product","link":"https:\/\/eu.constantiaglen.com\/en\/wein\/constantia-glen-five-2015\/","title":{"rendered":"2015 Constantia Glen FIVE"},"content":{"rendered":"<div data-elementor-type=\"product-post\" data-elementor-id=\"988107\" class=\"elementor elementor-988107\">\n\t\t\t\t\t\t\t\t\t<section class=\"elementor-section elementor-top-section elementor-element elementor-element-6e8d153 elementor-section-boxed elementor-section-height-default elementor-section-height-default\" data-id=\"6e8d153\" data-element_type=\"section\">\n\t\t\t\t\t\t<div class=\"elementor-container elementor-column-gap-default\">\n\t\t\t\t\t<div class=\"elementor-column elementor-col-100 elementor-top-column elementor-element elementor-element-de4fe65\" data-id=\"de4fe65\" data-element_type=\"column\">\n\t\t\t<div class=\"elementor-widget-wrap elementor-element-populated\">\n\t\t\t\t\t\t\t\t<div class=\"elementor-element elementor-element-cd9693b elementor-widget__width-initial elementor-widget-mobile__width-initial elementor-fixed elementor-hidden-tablet elementor-hidden-phone elementor-widget elementor-widget-image\" data-id=\"cd9693b\" data-element_type=\"widget\" data-settings=\"{&quot;_position&quot;:&quot;fixed&quot;}\" data-widget_type=\"image.default\">\n\t\t\t\t<div class=\"elementor-widget-container\">\n\t\t\t\t\t\t\t<div class=\"elementor-image\">\n\t\t\t\t\t\t\t\t\t\t\t\t\t\t\t\t\t\t\t\t\t<img loading=\"lazy\" decoding=\"async\" width=\"492\" height=\"737\" src=\"https:\/\/eu.constantiaglen.com\/wp-content\/uploads\/2022\/01\/zwetschke-2.jpg\" class=\"attachment-large size-large\" alt=\"\" srcset=\"https:\/\/eu.constantiaglen.com\/wp-content\/uploads\/2022\/01\/zwetschke-2.jpg 492w, https:\/\/eu.constantiaglen.com\/wp-content\/uploads\/2022\/01\/zwetschke-2-315x472.jpg 315w, https:\/\/eu.constantiaglen.com\/wp-content\/uploads\/2022\/01\/zwetschke-2-200x300.jpg 200w\" sizes=\"auto, (max-width: 492px) 100vw, 492px\" \/>\t\t\t\t\t\t\t\t\t\t\t\t\t\t\t\t\t\t\t\t\t\t\t\t<\/div>\n\t\t\t\t\t\t<\/div>\n\t\t\t\t<\/div>\n\t\t\t\t\t<\/div>\n\t\t<\/div>\n\t\t\t\t\t\t\t<\/div>\n\t\t<\/section>\n\t\t\t\t\t\t\t<\/div>","protected":false},"excerpt":{"rendered":"<p>Cabernet Sauvignon, Merlot, Cabernet Franc, Malbec und Petit Verdot: Die f\u00fcnf archetypische Rebsorten aus dem Bordeaux bilden das Fundament f\u00fcr unsere Flaggschiff-Cuv\u00e9e: K\u00fchle Atlantikbrisen und viel Sonne sorgen f\u00fcr perfekt ausgereifte Trauben, die selektiv per Hand gelesen und in kleinen Chargen zu einem ausdrucksstarken und eleganten Wein vinifiziert werden.<\/p>","protected":false},"featured_media":990687,"template":"","meta":{"spay_email":""},"product_cat":[53],"product_tag":[],"class_list":["post-988107","product","type-product","status-publish","has-post-thumbnail","hentry","product_cat-constantia-glen-five"],"_links":{"self":[{"href":"https:\/\/eu.constantiaglen.com\/en\/wp-json\/wp\/v2\/product\/988107","targetHints":{"allow":["GET"]}}],"collection":[{"href":"https:\/\/eu.constantiaglen.com\/en\/wp-json\/wp\/v2\/product"}],"about":[{"href":"https:\/\/eu.constantiaglen.com\/en\/wp-json\/wp\/v2\/types\/product"}],"version-history":[{"count":7,"href":"https:\/\/eu.constantiaglen.com\/en\/wp-json\/wp\/v2\/product\/988107\/revisions"}],"predecessor-version":[{"id":991575,"href":"https:\/\/eu.constantiaglen.com\/en\/wp-json\/wp\/v2\/product\/988107\/revisions\/991575"}],"wp:featuredmedia":[{"embeddable":true,"href":"https:\/\/eu.constantiaglen.com\/en\/wp-json\/wp\/v2\/media\/990687"}],"wp:attachment":[{"href":"https:\/\/eu.constantiaglen.com\/en\/wp-json\/wp\/v2\/media?parent=988107"}],"wp:term":[{"taxonomy":"product_cat","embeddable":true,"href":"https:\/\/eu.constantiaglen.com\/en\/wp-json\/wp\/v2\/product_cat?post=988107"},{"taxonomy":"product_tag","embeddable":true,"href":"https:\/\/eu.constantiaglen.com\/en\/wp-json\/wp\/v2\/product_tag?post=988107"}],"curies":[{"name":"wp","href":"https:\/\/api.w.org\/{rel}","templated":true}]}}