{"id":988051,"date":"2021-12-21T12:27:13","date_gmt":"2021-12-21T12:27:13","guid":{"rendered":"http:\/\/eu.constantiaglen.com\/?post_type=product&#038;p=988051"},"modified":"2023-12-18T16:47:51","modified_gmt":"2023-12-18T15:47:51","slug":"constantia-glen-three-2017","status":"publish","type":"product","link":"https:\/\/eu.constantiaglen.com\/en\/wein\/constantia-glen-three-2017\/","title":{"rendered":"2017 Constantia Glen THREE"},"content":{"rendered":"<div data-elementor-type=\"product-post\" data-elementor-id=\"988051\" class=\"elementor elementor-988051\">\n\t\t\t\t\t\t\t\t\t<section class=\"elementor-section elementor-top-section elementor-element elementor-element-57b96853 elementor-section-boxed elementor-section-height-default elementor-section-height-default\" data-id=\"57b96853\" data-element_type=\"section\">\n\t\t\t\t\t\t<div class=\"elementor-container elementor-column-gap-default\">\n\t\t\t\t\t<div class=\"elementor-column elementor-col-100 elementor-top-column elementor-element elementor-element-443d41dc\" data-id=\"443d41dc\" data-element_type=\"column\">\n\t\t\t<div class=\"elementor-widget-wrap elementor-element-populated\">\n\t\t\t\t\t\t\t\t<div class=\"elementor-element elementor-element-4f406509 elementor-widget elementor-widget-heading\" data-id=\"4f406509\" data-element_type=\"widget\" data-widget_type=\"heading.default\">\n\t\t\t\t<div class=\"elementor-widget-container\">\n\t\t\t<h5 class=\"elementor-heading-title elementor-size-default\">Technical data<\/h5>\t\t<\/div>\n\t\t\t\t<\/div>\n\t\t\t\t<div class=\"elementor-element elementor-element-5b29e576 elementor-widget elementor-widget-text-editor\" data-id=\"5b29e576\" data-element_type=\"widget\" data-widget_type=\"text-editor.default\">\n\t\t\t\t<div class=\"elementor-widget-container\">\n\t\t\t\t\t\t\t<p>This delicious three-way blend was carefully crafted from grapes grown on the estate. It\ncomprises 52% Merlot, 31% Cabernet Franc and 17% Cabernet Sauvignon and was matured\nfor 17 months in 25% new-, 60% second fill- and 15% third fill French oak barrels. The\nwine was not fined, but only lightly filtered prior to bottling to subtly mellow the rich tannin\nstructure. This astounding vintage shows the round, velvety texture that has become\nsynonymous to the Constantia Glen THREE, but also has excellent structure and power.\nThis means that it can be enjoyed in its youth, yet it will certainly age and develop\nadmirably for another 10-15 years under correct cellaring conditions.<\/p><p><strong>Alcohol:<\/strong> 14,5%<br \/><strong>Residual sugar:<\/strong> 2,6 g\/l<br \/><strong>pH:<\/strong> 3,54<br \/><strong>Titratable Acidity:<\/strong> 5,3 g\/l<br \/><strong>Volatile acidity:<\/strong> 0,64 g\/l<\/p>\t\t\t\t\t\t<\/div>\n\t\t\t\t<\/div>\n\t\t\t\t<div class=\"elementor-element elementor-element-5e94cecf elementor-widget elementor-widget-heading\" data-id=\"5e94cecf\" data-element_type=\"widget\" data-widget_type=\"heading.default\">\n\t\t\t\t<div class=\"elementor-widget-container\">\n\t\t\t<h5 class=\"elementor-heading-title elementor-size-default\">Harvest summary by winemaker, Justin van Wyk<\/h5>\t\t<\/div>\n\t\t\t\t<\/div>\n\t\t\t\t<div class=\"elementor-element elementor-element-27fe2db elementor-widget elementor-widget-text-editor\" data-id=\"27fe2db\" data-element_type=\"widget\" data-widget_type=\"text-editor.default\">\n\t\t\t\t<div class=\"elementor-widget-container\">\n\t\t\t\t\t\t\t<p>2017 was really a fantastic vintage for the red varieties at Constantia Glen and the wines\nfrom this vintage have garnered the same respect as those made in 2015. The flavour of the grapes at the time of picking was concentrated and intense with bright aromatics. Good winter rains in June and July of 2016 provided the ideal foundation for our dryland\nvineyards before they embarked on a notably dry growing season, stretching from\nSeptember 2016 to March 2017, when the harvest commenced. Although dry, the summer\nperiod preceding the harvest was incredibly cool, which meant slow and long ripening that\nallowed for the slow accumulation of sugars, and grapes that retained phenomenal acidity\ndespite fairly dry conditions in what was considered a particularly severe period of drought in the Cape. The estate vineyards showed remarkable buffering capacity during the drought and the 2017 vintage has delivered extremely elegant and refined red wines with great richness, texture, aromatic purity, and persistent, mouth-coating tannins. The wines also have great structure and acidity, which will allow for superlative bottle-ageing.<\/p><p>The wines also have great structure and acidity, which will allow for superlative bottle-ageing. The 2017 harvest commenced with the first blocks of Merlot and Malbec on 14 March 2017 and we picked for over 5 weeks until the last block of the Cabernet Sauvignon was processed into the winery on 13 April 2017.<\/p>\t\t\t\t\t\t<\/div>\n\t\t\t\t<\/div>\n\t\t\t\t<div class=\"elementor-element elementor-element-5fc1f65e elementor-widget elementor-widget-heading\" data-id=\"5fc1f65e\" data-element_type=\"widget\" data-widget_type=\"heading.default\">\n\t\t\t\t<div class=\"elementor-widget-container\">\n\t\t\t<h5 class=\"elementor-heading-title elementor-size-default\">Colour<\/h5>\t\t<\/div>\n\t\t\t\t<\/div>\n\t\t\t\t<div class=\"elementor-element elementor-element-75a099b2 elementor-widget elementor-widget-text-editor\" data-id=\"75a099b2\" data-element_type=\"widget\" data-widget_type=\"text-editor.default\">\n\t\t\t\t<div class=\"elementor-widget-container\">\n\t\t\t\t\t\t\t<p>Youthful in colour with a dark, deep red core unwinding into a bright and lively garnet rim.<\/p>\t\t\t\t\t\t<\/div>\n\t\t\t\t<\/div>\n\t\t\t\t<div class=\"elementor-element elementor-element-507cb6e2 elementor-widget elementor-widget-heading\" data-id=\"507cb6e2\" data-element_type=\"widget\" data-widget_type=\"heading.default\">\n\t\t\t\t<div class=\"elementor-widget-container\">\n\t\t\t<h5 class=\"elementor-heading-title elementor-size-default\">Nose<\/h5>\t\t<\/div>\n\t\t\t\t<\/div>\n\t\t\t\t<div class=\"elementor-element elementor-element-5fb43205 elementor-widget elementor-widget-text-editor\" data-id=\"5fb43205\" data-element_type=\"widget\" data-widget_type=\"text-editor.default\">\n\t\t\t\t<div class=\"elementor-widget-container\">\n\t\t\t\t\t\t\t<p>Forthcoming nose with expressive red and black fruit flavours. Beyond these initial ripe fruit\nflavours, there is complex collection of savoury dried-herb flavours intermingled with\nlingering notes of white pepper, blackcurrant and cedar.<\/p>\t\t\t\t\t\t<\/div>\n\t\t\t\t<\/div>\n\t\t\t\t<div class=\"elementor-element elementor-element-3fd93819 elementor-widget elementor-widget-heading\" data-id=\"3fd93819\" data-element_type=\"widget\" data-widget_type=\"heading.default\">\n\t\t\t\t<div class=\"elementor-widget-container\">\n\t\t\t<h5 class=\"elementor-heading-title elementor-size-default\">Awards<\/h5>\t\t<\/div>\n\t\t\t\t<\/div>\n\t\t\t\t<div class=\"elementor-element elementor-element-f71cdb8 elementor-widget elementor-widget-text-editor\" data-id=\"f71cdb8\" data-element_type=\"widget\" data-widget_type=\"text-editor.default\">\n\t\t\t\t<div class=\"elementor-widget-container\">\n\t\t\t\t\t\t\t<p>The dark fruit and distinct savoury notes on the nose follow effortlessly onto that first sip\nwhere elegant, velvety tannins grip the palate in a vibrant intensity of flavour. This\nincredible richness and concentration of fine-grain tannins is further echoed by an earthy\nminerality and the wine\u2019s inherent freshness brings about a long, well-defined finish. This\nopulent, full-bodied wine possesses old world authenticity with its delicate herbal fynbos\nnotes that reign in the powerful fruit flavours.<\/p>\t\t\t\t\t\t<\/div>\n\t\t\t\t<\/div>\n\t\t\t\t<div class=\"elementor-element elementor-element-1171f625 elementor-widget elementor-widget-heading\" data-id=\"1171f625\" data-element_type=\"widget\" data-widget_type=\"heading.default\">\n\t\t\t\t<div class=\"elementor-widget-container\">\n\t\t\t<h5 class=\"elementor-heading-title elementor-size-default\">Speiseempfehlung<\/h5>\t\t<\/div>\n\t\t\t\t<\/div>\n\t\t\t\t<div class=\"elementor-element elementor-element-2eabee0d elementor-widget elementor-widget-text-editor\" data-id=\"2eabee0d\" data-element_type=\"widget\" data-widget_type=\"text-editor.default\">\n\t\t\t\t<div class=\"elementor-widget-container\">\n\t\t\t\t\t\t\t<p>Rehmedaillons mit Pastinakenp\u00fcree und Heidelbeerjus; Langsam gebratene Lammschulter mit Ofengem\u00fcse und Polenta; Gegrillte Entenbrust mit Brokkoli und Dinkel<\/p>\t\t\t\t\t\t<\/div>\n\t\t\t\t<\/div>\n\t\t\t\t<section class=\"elementor-section elementor-inner-section elementor-element elementor-element-390a94ed elementor-section-boxed elementor-section-height-default elementor-section-height-default\" data-id=\"390a94ed\" data-element_type=\"section\">\n\t\t\t\t\t\t<div class=\"elementor-container elementor-column-gap-default\">\n\t\t\t\t\t<div class=\"elementor-column elementor-col-100 elementor-inner-column elementor-element elementor-element-586d2bb0\" data-id=\"586d2bb0\" data-element_type=\"column\">\n\t\t\t<div class=\"elementor-widget-wrap elementor-element-populated\">\n\t\t\t\t\t\t\t\t<div class=\"elementor-element elementor-element-ae10467 elementor-widget__width-initial elementor-widget-mobile__width-initial elementor-fixed elementor-hidden-tablet elementor-hidden-phone elementor-widget elementor-widget-image\" data-id=\"ae10467\" data-element_type=\"widget\" data-settings=\"{&quot;_position&quot;:&quot;fixed&quot;}\" data-widget_type=\"image.default\">\n\t\t\t\t<div class=\"elementor-widget-container\">\n\t\t\t\t\t\t\t<div class=\"elementor-image\">\n\t\t\t\t\t\t\t\t\t\t\t\t\t\t\t\t\t\t\t\t\t<img loading=\"lazy\" decoding=\"async\" width=\"447\" height=\"699\" src=\"https:\/\/eu.constantiaglen.com\/wp-content\/uploads\/2022\/01\/johannis.jpg\" class=\"attachment-large size-large\" alt=\"\" srcset=\"https:\/\/eu.constantiaglen.com\/wp-content\/uploads\/2022\/01\/johannis.jpg 447w, https:\/\/eu.constantiaglen.com\/wp-content\/uploads\/2022\/01\/johannis-315x493.jpg 315w, https:\/\/eu.constantiaglen.com\/wp-content\/uploads\/2022\/01\/johannis-192x300.jpg 192w\" sizes=\"auto, (max-width: 447px) 100vw, 447px\" \/>\t\t\t\t\t\t\t\t\t\t\t\t\t\t\t\t\t\t\t\t\t\t\t\t<\/div>\n\t\t\t\t\t\t<\/div>\n\t\t\t\t<\/div>\n\t\t\t\t\t<\/div>\n\t\t<\/div>\n\t\t\t\t\t\t\t<\/div>\n\t\t<\/section>\n\t\t\t\t\t<\/div>\n\t\t<\/div>\n\t\t\t\t\t\t\t<\/div>\n\t\t<\/section>\n\t\t\t\t\t\t\t<\/div>","protected":false},"excerpt":{"rendered":"<p>Merlot, Cabernet Franc und Cabernet Sauvignon, die drei gro\u00dfen Sorten des Bordeaux, bilden die Basis f\u00fcr unsere klassische Constantia-Cuv\u00e9e. K\u00fchle Atlantikbrisen und viel Sonne sorgen f\u00fcr perfekt ausgereifte Trauben, die selektiv per Hand gelesen und in kleinen Chargen zu einem ausdrucksstarken und eleganten Wein vinifiziert werden.<\/p>","protected":false},"featured_media":987755,"template":"","meta":{"spay_email":""},"product_cat":[52],"product_tag":[],"class_list":["post-988051","product","type-product","status-publish","has-post-thumbnail","hentry","product_cat-constantia-glen-three"],"_links":{"self":[{"href":"https:\/\/eu.constantiaglen.com\/en\/wp-json\/wp\/v2\/product\/988051","targetHints":{"allow":["GET"]}}],"collection":[{"href":"https:\/\/eu.constantiaglen.com\/en\/wp-json\/wp\/v2\/product"}],"about":[{"href":"https:\/\/eu.constantiaglen.com\/en\/wp-json\/wp\/v2\/types\/product"}],"version-history":[{"count":11,"href":"https:\/\/eu.constantiaglen.com\/en\/wp-json\/wp\/v2\/product\/988051\/revisions"}],"predecessor-version":[{"id":991060,"href":"https:\/\/eu.constantiaglen.com\/en\/wp-json\/wp\/v2\/product\/988051\/revisions\/991060"}],"wp:featuredmedia":[{"embeddable":true,"href":"https:\/\/eu.constantiaglen.com\/en\/wp-json\/wp\/v2\/media\/987755"}],"wp:attachment":[{"href":"https:\/\/eu.constantiaglen.com\/en\/wp-json\/wp\/v2\/media?parent=988051"}],"wp:term":[{"taxonomy":"product_cat","embeddable":true,"href":"https:\/\/eu.constantiaglen.com\/en\/wp-json\/wp\/v2\/product_cat?post=988051"},{"taxonomy":"product_tag","embeddable":true,"href":"https:\/\/eu.constantiaglen.com\/en\/wp-json\/wp\/v2\/product_tag?post=988051"}],"curies":[{"name":"wp","href":"https:\/\/api.w.org\/{rel}","templated":true}]}}