{"id":12,"date":"2021-10-04T15:25:59","date_gmt":"2021-10-04T15:25:59","guid":{"rendered":"http:\/\/eu.constantiaglen.com\/product\/hoodie-with-logo\/"},"modified":"2023-12-01T11:19:51","modified_gmt":"2023-12-01T10:19:51","slug":"two","status":"publish","type":"product","link":"https:\/\/eu.constantiaglen.com\/en\/wein\/two\/","title":{"rendered":"2019 Constantia Glen TWO"},"content":{"rendered":"<div data-elementor-type=\"product-post\" data-elementor-id=\"12\" class=\"elementor elementor-12\">\n\t\t\t\t\t\t\t\t\t<section class=\"elementor-section elementor-top-section elementor-element elementor-element-4f61d88e elementor-section-boxed elementor-section-height-default elementor-section-height-default\" data-id=\"4f61d88e\" data-element_type=\"section\">\n\t\t\t\t\t\t<div class=\"elementor-container elementor-column-gap-default\">\n\t\t\t\t\t<div class=\"elementor-column elementor-col-100 elementor-top-column elementor-element elementor-element-35b70aa\" data-id=\"35b70aa\" data-element_type=\"column\">\n\t\t\t<div class=\"elementor-widget-wrap elementor-element-populated\">\n\t\t\t\t\t\t\t\t<div class=\"elementor-element elementor-element-3c6e33a elementor-widget elementor-widget-heading\" data-id=\"3c6e33a\" data-element_type=\"widget\" data-widget_type=\"heading.default\">\n\t\t\t\t<div class=\"elementor-widget-container\">\n\t\t\t<h5 class=\"elementor-heading-title elementor-size-default\">Technical data<\/h5>\t\t<\/div>\n\t\t\t\t<\/div>\n\t\t\t\t<div class=\"elementor-element elementor-element-319554a5 elementor-widget elementor-widget-text-editor\" data-id=\"319554a5\" data-element_type=\"widget\" data-widget_type=\"text-editor.default\">\n\t\t\t\t<div class=\"elementor-widget-container\">\n\t\t\t\t\t\t\t<p>The grapes used to make this wooded Constantia white wine are specially selected from the best vineyard blocks on the estate. These grapes are handpicked, and the juice is fermented in 600 litre demi-muids as well as a few clay amphorae. 45% of the grapes for this wine were pressed as whole bunches, with the balance being destemmed and crushed and the juice given 6 to 8 hours of skin contact prior to pressing. The wine was barrel-fermented and matured on the gross lees for 7 months in 600 litre barrels, of which 18% were new and the remainder of the barrels ranged from 2nd to 6th fill. Careful use of neutral French oak as well as 13% Austrian oak, 9% French Acacia and 13% clay-amphora ensures that the wine has depth and texture with only a small influence of oak notable on the nose and palate. The final wine consists of 67% Sauvignon Blanc, which provides the acidity and backbone of the blend, with 33% S\u00e9millon contributing to the waxy weight, richness, and texture of the wine. This is a classic Constantia White that will further develop in the bottle to gain even more complexity with age. Bottle maturation would be possible for 10 to 15 years under ideal cellaring conditions.<\/p><p><strong>Alcohol:<\/strong> 13,5%<br \/><strong>Residual sugar:<\/strong> 1,3 g\/l<br \/><strong>pH:<\/strong> 3,13<br \/><strong>Titratable Acidity:<\/strong> 6,4 g\/l<br \/><strong>Volatile acidity:<\/strong> 0,51 g\/l<\/p>\t\t\t\t\t\t<\/div>\n\t\t\t\t<\/div>\n\t\t\t\t<div class=\"elementor-element elementor-element-1098a373 elementor-widget elementor-widget-heading\" data-id=\"1098a373\" data-element_type=\"widget\" data-widget_type=\"heading.default\">\n\t\t\t\t<div class=\"elementor-widget-container\">\n\t\t\t<h5 class=\"elementor-heading-title elementor-size-default\">Harvest summary by winemaker, Justin van Wyk<\/h5>\t\t<\/div>\n\t\t\t\t<\/div>\n\t\t\t\t<div class=\"elementor-element elementor-element-49490707 elementor-widget elementor-widget-text-editor\" data-id=\"49490707\" data-element_type=\"widget\" data-widget_type=\"text-editor.default\">\n\t\t\t\t<div class=\"elementor-widget-container\">\n\t\t\t\t\t\t\t<p>2019 was yet another excellent vintage for white varieties at Constantia Glen with cool\ntemperatures and a long ripening season preceding the harvest. The moderate weather\nconditions in the two months leading up to harvest resulted in fantastic flavour development\nand phenomenal levels of natural acidity in the grapes at the time of picking. Slow\naccumulation of sugars during ripening bodes well for more complex development of flavour\nprecursors in the grapes and our dryland vineyards showed remarkable buffering capacity as they ripened the fruit optimally without any notable strain on the vines. This, in part, is thanks to the moderate conditions of the vintage, but most importantly due to the fact that the Constantia Glen vineyards have been dry-farmed since they were planted 19 years ago and the roots have become accustomed to the drying soils by reaching deeper and deeper into the clayrich subsoil with each passing year. Picking of our Sauvignon Blanc commenced on 19 February 2019 and continued for 3 weeks as each different clone and vineyard block achieved optimal ripeness. The last block of Sauvignon Blanc, situated at the highest elevation on the estate (270 metres above sea-level), was picked on 9 March 2019. The white grape harvest culminated with the last block of S\u00e9millon, making up a significant 33% portion of this blend, on 13 March 2019.<\/p>\t\t\t\t\t\t<\/div>\n\t\t\t\t<\/div>\n\t\t\t\t<div class=\"elementor-element elementor-element-5ae385dd elementor-widget elementor-widget-heading\" data-id=\"5ae385dd\" data-element_type=\"widget\" data-widget_type=\"heading.default\">\n\t\t\t\t<div class=\"elementor-widget-container\">\n\t\t\t<h5 class=\"elementor-heading-title elementor-size-default\">Colour<\/h5>\t\t<\/div>\n\t\t\t\t<\/div>\n\t\t\t\t<div class=\"elementor-element elementor-element-258f1cde elementor-widget elementor-widget-text-editor\" data-id=\"258f1cde\" data-element_type=\"widget\" data-widget_type=\"text-editor.default\">\n\t\t\t\t<div class=\"elementor-widget-container\">\n\t\t\t\t\t\t\t<p>Clear and bright with a light gold colour, tinged with lime green.<\/p>\t\t\t\t\t\t<\/div>\n\t\t\t\t<\/div>\n\t\t\t\t<div class=\"elementor-element elementor-element-28a9cef elementor-widget elementor-widget-heading\" data-id=\"28a9cef\" data-element_type=\"widget\" data-widget_type=\"heading.default\">\n\t\t\t\t<div class=\"elementor-widget-container\">\n\t\t\t<h5 class=\"elementor-heading-title elementor-size-default\">Nose<\/h5>\t\t<\/div>\n\t\t\t\t<\/div>\n\t\t\t\t<div class=\"elementor-element elementor-element-2b92af8c elementor-widget elementor-widget-text-editor\" data-id=\"2b92af8c\" data-element_type=\"widget\" data-widget_type=\"text-editor.default\">\n\t\t\t\t<div class=\"elementor-widget-container\">\n\t\t\t\t\t\t\t<p>Elegant and subtle, with delicate aromas of lime, green fig and floral notes delineating towards\nelderflower and orange blossom. The wine is tightly wound in its youth, but shows absolute\nfruit purity as well as some citrus and waxy notes, which will integrate and develop into a very refined wine.<\/p>\t\t\t\t\t\t<\/div>\n\t\t\t\t<\/div>\n\t\t\t\t<div class=\"elementor-element elementor-element-ebe499a elementor-widget elementor-widget-heading\" data-id=\"ebe499a\" data-element_type=\"widget\" data-widget_type=\"heading.default\">\n\t\t\t\t<div class=\"elementor-widget-container\">\n\t\t\t<h5 class=\"elementor-heading-title elementor-size-default\">Palate<\/h5>\t\t<\/div>\n\t\t\t\t<\/div>\n\t\t\t\t<div class=\"elementor-element elementor-element-e933512 elementor-widget elementor-widget-text-editor\" data-id=\"e933512\" data-element_type=\"widget\" data-widget_type=\"text-editor.default\">\n\t\t\t\t<div class=\"elementor-widget-container\">\n\t\t\t\t\t\t\t<p>Terrific freshness, good fruit concentration and depth, but it remains restrained and elegant\nwith stony mineral nuances. The fresh acidity is beautifully balanced with a mouth-coating\ncreamy texture on the palate, which is brought about by barrel fermentation and maturation in\nthese vessels on the gross lees for 7 months. Furthermore, 33% of this blend is S\u00e9millon,\nwhich contributes weight and texture, making this a truly harmonious blend with an intriguing\nsaline quality that lingers well onto your next sip.<\/p>\t\t\t\t\t\t<\/div>\n\t\t\t\t<\/div>\n\t\t\t\t<div class=\"elementor-element elementor-element-6ad71297 elementor-widget elementor-widget-heading\" data-id=\"6ad71297\" data-element_type=\"widget\" data-widget_type=\"heading.default\">\n\t\t\t\t<div class=\"elementor-widget-container\">\n\t\t\t<h5 class=\"elementor-heading-title elementor-size-default\">Speiseempfehlung<\/h5>\t\t<\/div>\n\t\t\t\t<\/div>\n\t\t\t\t<div class=\"elementor-element elementor-element-31854c81 elementor-widget elementor-widget-text-editor\" data-id=\"31854c81\" data-element_type=\"widget\" data-widget_type=\"text-editor.default\">\n\t\t\t\t<div class=\"elementor-widget-container\">\n\t\t\t\t\t\t\t<p>Gr\u00fcner Spargel und B\u00fcffelmozzarella in Prosciutto; Kalbsrahmbeuschel mit Serviettenkn\u00f6del; Heilbutt mit Petersilie und Herbsttrompeten<\/p>\t\t\t\t\t\t<\/div>\n\t\t\t\t<\/div>\n\t\t\t\t<section class=\"elementor-section elementor-inner-section elementor-element elementor-element-236127ed elementor-section-boxed elementor-section-height-default elementor-section-height-default\" data-id=\"236127ed\" data-element_type=\"section\">\n\t\t\t\t\t\t<div class=\"elementor-container elementor-column-gap-default\">\n\t\t\t\t\t<div class=\"elementor-column elementor-col-100 elementor-inner-column elementor-element elementor-element-51a426e3\" data-id=\"51a426e3\" data-element_type=\"column\">\n\t\t\t<div class=\"elementor-widget-wrap elementor-element-populated\">\n\t\t\t\t\t\t\t\t<div class=\"elementor-element elementor-element-5f47b479 elementor-widget__width-initial elementor-widget-mobile__width-initial elementor-fixed elementor-hidden-tablet elementor-hidden-phone animated-slow elementor-invisible elementor-widget elementor-widget-image\" data-id=\"5f47b479\" data-element_type=\"widget\" data-settings=\"{&quot;_position&quot;:&quot;fixed&quot;,&quot;_animation_delay&quot;:600,&quot;_animation&quot;:&quot;fadeInUp&quot;}\" data-widget_type=\"image.default\">\n\t\t\t\t<div class=\"elementor-widget-container\">\n\t\t\t\t\t\t\t<div class=\"elementor-image\">\n\t\t\t\t\t\t\t\t\t\t\t\t\t\t\t\t\t\t\t\t\t<img loading=\"lazy\" decoding=\"async\" width=\"518\" height=\"744\" src=\"https:\/\/eu.constantiaglen.com\/wp-content\/uploads\/2022\/01\/mango_slider-1.jpg\" class=\"attachment-large size-large\" alt=\"\" srcset=\"https:\/\/eu.constantiaglen.com\/wp-content\/uploads\/2022\/01\/mango_slider-1.jpg 518w, https:\/\/eu.constantiaglen.com\/wp-content\/uploads\/2022\/01\/mango_slider-1-315x452.jpg 315w, https:\/\/eu.constantiaglen.com\/wp-content\/uploads\/2022\/01\/mango_slider-1-209x300.jpg 209w\" sizes=\"auto, (max-width: 518px) 100vw, 518px\" \/>\t\t\t\t\t\t\t\t\t\t\t\t\t\t\t\t\t\t\t\t\t\t\t\t<\/div>\n\t\t\t\t\t\t<\/div>\n\t\t\t\t<\/div>\n\t\t\t\t\t<\/div>\n\t\t<\/div>\n\t\t\t\t\t\t\t<\/div>\n\t\t<\/section>\n\t\t\t\t\t<\/div>\n\t\t<\/div>\n\t\t\t\t\t\t\t<\/div>\n\t\t<\/section>\n\t\t\t\t\t\t\t<\/div>","protected":false},"excerpt":{"rendered":"<p>Gehaltvoll und konzentriert, ausdrucksstark und aromatief: Unsere wei\u00dfe, im Holzfass vinifizierte Cuv\u00e9e vereint subtile Holznoten mit tropischer Frucht und salziger Mineralit\u00e4t zu einem perfekt ausgewogenen und eleganten Wein mit immensem Zukunftspotenzial.<\/p>","protected":false},"featured_media":987838,"template":"","meta":{"spay_email":""},"product_cat":[51],"product_tag":[],"class_list":["post-12","product","type-product","status-publish","has-post-thumbnail","hentry","product_cat-constantia-glen-two"],"_links":{"self":[{"href":"https:\/\/eu.constantiaglen.com\/en\/wp-json\/wp\/v2\/product\/12","targetHints":{"allow":["GET"]}}],"collection":[{"href":"https:\/\/eu.constantiaglen.com\/en\/wp-json\/wp\/v2\/product"}],"about":[{"href":"https:\/\/eu.constantiaglen.com\/en\/wp-json\/wp\/v2\/types\/product"}],"version-history":[{"count":17,"href":"https:\/\/eu.constantiaglen.com\/en\/wp-json\/wp\/v2\/product\/12\/revisions"}],"predecessor-version":[{"id":990435,"href":"https:\/\/eu.constantiaglen.com\/en\/wp-json\/wp\/v2\/product\/12\/revisions\/990435"}],"wp:featuredmedia":[{"embeddable":true,"href":"https:\/\/eu.constantiaglen.com\/en\/wp-json\/wp\/v2\/media\/987838"}],"wp:attachment":[{"href":"https:\/\/eu.constantiaglen.com\/en\/wp-json\/wp\/v2\/media?parent=12"}],"wp:term":[{"taxonomy":"product_cat","embeddable":true,"href":"https:\/\/eu.constantiaglen.com\/en\/wp-json\/wp\/v2\/product_cat?post=12"},{"taxonomy":"product_tag","embeddable":true,"href":"https:\/\/eu.constantiaglen.com\/en\/wp-json\/wp\/v2\/product_tag?post=12"}],"curies":[{"name":"wp","href":"https:\/\/api.w.org\/{rel}","templated":true}]}}