{"id":990015,"date":"2022-03-10T14:42:22","date_gmt":"2022-03-10T14:42:22","guid":{"rendered":"http:\/\/eu.constantiaglen.com\/?page_id=990015"},"modified":"2022-03-10T14:53:54","modified_gmt":"2022-03-10T14:53:54","slug":"allgemeine-geschaeftsbedingungen","status":"publish","type":"page","link":"https:\/\/eu.constantiaglen.com\/en\/allgemeine-geschaeftsbedingungen\/","title":{"rendered":"Terms and Conditions"},"content":{"rendered":"<div data-elementor-type=\"wp-page\" data-elementor-id=\"990015\" class=\"elementor elementor-990015\">\n\t\t\t\t\t\t\t\t\t<section class=\"elementor-section elementor-top-section elementor-element elementor-element-b3d8131 elementor-section-boxed elementor-section-height-default elementor-section-height-default\" data-id=\"b3d8131\" data-element_type=\"section\">\n\t\t\t\t\t\t<div class=\"elementor-container elementor-column-gap-default\">\n\t\t\t\t\t<div class=\"elementor-column elementor-col-100 elementor-top-column elementor-element elementor-element-75833f7\" data-id=\"75833f7\" data-element_type=\"column\">\n\t\t\t<div class=\"elementor-widget-wrap elementor-element-populated\">\n\t\t\t\t\t\t\t\t<div class=\"elementor-element elementor-element-606e9f6 elementor-widget elementor-widget-heading\" data-id=\"606e9f6\" data-element_type=\"widget\" data-widget_type=\"heading.default\">\n\t\t\t\t<div class=\"elementor-widget-container\">\n\t\t\t<h1 class=\"elementor-heading-title elementor-size-default\">Terms and Conditions<\/h1>\t\t<\/div>\n\t\t\t\t<\/div>\n\t\t\t\t<div class=\"elementor-element elementor-element-c3faf4e elementor-widget elementor-widget-text-editor\" data-id=\"c3faf4e\" data-element_type=\"widget\" data-widget_type=\"text-editor.default\">\n\t\t\t\t<div class=\"elementor-widget-container\">\n\t\t\t\t\t\t\t<p><strong>Offers<br \/><\/strong>All offers are without obligation and as long as the goods are available.<\/p><p><strong>Broken Bottles<br \/><\/strong>Bottles broken during transportation can only be replaced if the damages are confirmed by the carrier.<\/p><p><strong>Returns<br \/><\/strong>The purchaser will have to bear the costs of return.<\/p><p><strong>Reservation of Ownership<br \/><\/strong>Ownership of the goods delivered by the seller is only transferred to the customer upon full payment. The goods delivered remain the property of the seller until payment has been received for them in full.<\/p><p><strong>Privacy Policy<br \/><\/strong>Personal Data will not be transferred to third parties. (for more information refer to the privacy policy)<\/p><p><a href=\"https:\/\/eu.constantiaglen.com\/en\/datenschutzerklaerung\/\" target=\"_blank\" rel=\"noopener\">To Privacy Policy<\/a><\/p><p><strong>Applicable Law<br \/><\/strong>Legal transactions are based on Austrian law, which is why Austrian law is applicable in any possible dispute.<\/p><p><strong>Place of Fulfilment<br \/><\/strong>The place of fulfilment is 6850 Dornbirn, Austria.<\/p><p><strong>Place of Jurisdiction<br \/><\/strong>In case of any legal dispute the place of settlement will be the competent court at our legal site in 6850 Dornbirn, Austria.<\/p>\t\t\t\t\t\t<\/div>\n\t\t\t\t<\/div>\n\t\t\t\t\t<\/div>\n\t\t<\/div>\n\t\t\t\t\t\t\t<\/div>\n\t\t<\/section>\n\t\t\t\t\t\t\t<\/div>","protected":false},"excerpt":{"rendered":"<p>Allgemeine Gesch\u00e4ftsbedingungen AngeboteAngebote gelten solange die angebotene Ware verf\u00fcgbar ist und sind grunds\u00e4tzlich freibleibend. FlaschenbruchW\u00e4hrend des Transportes zerbrochene Flaschen werden nur ersetzt, wenn der Transporteur den Flaschenbruch best\u00e4tigt. R\u00fccksendungDie Kosten der R\u00fccksendung bestellter Ware gehen zu Lasten des Bestellers. EigentumsvorbehaltBestellte Ware geht mit deren Bezahlung ins Eigentum des K\u00e4ufers \u00fcber; gelieferte Ware bleibt bis zu&#8230;<\/p>","protected":false},"author":1,"featured_media":0,"parent":0,"menu_order":0,"comment_status":"closed","ping_status":"closed","template":"","meta":{"spay_email":"","footnotes":""},"class_list":["post-990015","page","type-page","status-publish","hentry"],"_links":{"self":[{"href":"https:\/\/eu.constantiaglen.com\/en\/wp-json\/wp\/v2\/pages\/990015","targetHints":{"allow":["GET"]}}],"collection":[{"href":"https:\/\/eu.constantiaglen.com\/en\/wp-json\/wp\/v2\/pages"}],"about":[{"href":"https:\/\/eu.constantiaglen.com\/en\/wp-json\/wp\/v2\/types\/page"}],"author":[{"embeddable":true,"href":"https:\/\/eu.constantiaglen.com\/en\/wp-json\/wp\/v2\/users\/1"}],"replies":[{"embeddable":true,"href":"https:\/\/eu.constantiaglen.com\/en\/wp-json\/wp\/v2\/comments?post=990015"}],"version-history":[{"count":10,"href":"https:\/\/eu.constantiaglen.com\/en\/wp-json\/wp\/v2\/pages\/990015\/revisions"}],"predecessor-version":[{"id":990033,"href":"https:\/\/eu.constantiaglen.com\/en\/wp-json\/wp\/v2\/pages\/990015\/revisions\/990033"}],"wp:attachment":[{"href":"https:\/\/eu.constantiaglen.com\/en\/wp-json\/wp\/v2\/media?parent=990015"}],"curies":[{"name":"wp","href":"https:\/\/api.w.org\/{rel}","templated":true}]}}